{"id":811,"date":"2018-03-21T11:50:18","date_gmt":"2018-03-21T10:50:18","guid":{"rendered":"https:\/\/bhpa.ba\/?page_id=811"},"modified":"2025-01-23T23:37:28","modified_gmt":"2025-01-23T22:37:28","slug":"novosti","status":"publish","type":"page","link":"https:\/\/bhpa.ba\/bhpaintranet\/novosti\/","title":{"rendered":"Novosti"},"content":{"rendered":"<div class=\"fusion-fullwidth fullwidth-box fusion-builder-row-1 nonhundred-percent-fullwidth non-hundred-percent-height-scrolling\"  style='background-color: rgba(255,255,255,0);background-position: center center;background-repeat: no-repeat;padding-top:0px;padding-right:0px;padding-bottom:0px;padding-left:0px;border-top-width:0px;border-bottom-width:0px;border-color:#eae9e9;border-top-style:solid;border-bottom-style:solid;'><div class=\"fusion-builder-row fusion-row \"><div  class=\"fusion-layout-column fusion_builder_column fusion_builder_column_1_1 fusion-builder-column-0 fusion-one-full fusion-column-first fusion-column-last 1_1\"  style='margin-top:0px;margin-bottom:20px;'><div class=\"fusion-column-wrapper\" style=\"padding: 0px 0px 0px 0px;background-position:left top;background-repeat:no-repeat;-webkit-background-size:cover;-moz-background-size:cover;-o-background-size:cover;background-size:cover;\"   data-bg-url=\"\"><div class=\"fusion-recent-posts fusion-recent-posts-1 avada-container layout-date-on-side layout-columns-1 fusion-no-small-visibility\"><section class=\"fusion-columns columns fusion-columns-1 columns-1\"><article class=\"post fusion-column column col col-lg-12 col-md-12 col-sm-12\"><div class=\"fusion-date-and-formats\"><div class=\"fusion-date-box updated\"><span class=\"fusion-date\">18<\/span><span class=\"fusion-month-year\">03, 2025<\/span><\/div><div class=\"fusion-format-box\"><i class=\"fusion-icon-pen\"><\/i><\/div><\/div><div class=\"recent-posts-content\"><span class=\"vcard\" style=\"display: none;\"><span class=\"fn\"><a href=\"https:\/\/bhpa.ba\/bhpaintranet\/author\/bihpa\/\" title=\"Posts by bihpa\" rel=\"author\">bihpa<\/a><\/span><\/span><span class=\"updated\" style=\"display:none;\">2025-05-23T18:33:50+02:00<\/span><h4 class=\"entry-title\"><a href=\"https:\/\/bhpa.ba\/bhpaintranet\/2897-2\/\">BHPA odr\u017eao prvi KPR seminar u 2025. godini<\/a><\/h4><p class=\"meta\"><span class=\"vcard\" style=\"display: none;\"><span class=\"fn\"><a href=\"https:\/\/bhpa.ba\/bhpaintranet\/author\/bihpa\/\" title=\"Posts by bihpa\" rel=\"author\">bihpa<\/a><\/span><\/span><span class=\"updated\" style=\"display:none;\">2025-05-23T18:33:50+02:00<\/span><span>March 18th, 2025<\/span><span class=\"fusion-inline-sep\">|<\/span><\/p><p>Dana 05.04.2025. godine u Hotelu Hollywood odr\u017ean je prvi KPR seminar za 2025. godinu. Teme prvog seminara bile su: Primjena novog izdanja Me\u0111unarodnih standarda vrednovanja (2025) - Nove upute Vije\u0107a za me\u0111unarodne standarde vrednovanja -\u00a0Predava\u010d:\u00a0Emir [...]<\/p><\/div><\/article><article class=\"post fusion-column column col col-lg-12 col-md-12 col-sm-12\"><div class=\"fusion-date-and-formats\"><div class=\"fusion-date-box updated\"><span class=\"fusion-date\">27<\/span><span class=\"fusion-month-year\">12, 2024<\/span><\/div><div class=\"fusion-format-box\"><i class=\"fusion-icon-pen\"><\/i><\/div><\/div><div class=\"recent-posts-content\"><span class=\"vcard\" style=\"display: none;\"><span class=\"fn\"><a href=\"https:\/\/bhpa.ba\/bhpaintranet\/author\/bihpa\/\" title=\"Posts by bihpa\" rel=\"author\">bihpa<\/a><\/span><\/span><span class=\"updated\" style=\"display:none;\">2025-05-23T18:46:26+02:00<\/span><h4 class=\"entry-title\"><a href=\"https:\/\/bhpa.ba\/bhpaintranet\/2712-2\/\">Konkurs za prijem u radni odnos za poziciju sekretara Udru\u017eenja<\/a><\/h4><p class=\"meta\"><span class=\"vcard\" style=\"display: none;\"><span class=\"fn\"><a href=\"https:\/\/bhpa.ba\/bhpaintranet\/author\/bihpa\/\" title=\"Posts by bihpa\" rel=\"author\">bihpa<\/a><\/span><\/span><span class=\"updated\" style=\"display:none;\">2025-05-23T18:46:26+02:00<\/span><span>December 27th, 2024<\/span><span class=\"fusion-inline-sep\">|<\/span><\/p><p>Udru\u017eenje eksperata iz oblasti nekretnina u Bosni i Hercegovini (BHPA) raspisuje konkurs za prijem u radni odnos za poziciju sekretara Udru\u017eenja. Tra\u017eimo kandidate koji su kreativni, te rado prihvataju izazove. Kandidati \u0107e imati priliku raditi [...]<\/p><\/div><\/article><article class=\"post fusion-column column col col-lg-12 col-md-12 col-sm-12\"><div class=\"fusion-date-and-formats\"><div class=\"fusion-date-box updated\"><span class=\"fusion-date\">5<\/span><span class=\"fusion-month-year\">06, 2024<\/span><\/div><div class=\"fusion-format-box\"><i class=\"fusion-icon-pen\"><\/i><\/div><\/div><div class=\"recent-posts-content\"><span class=\"vcard\" style=\"display: none;\"><span class=\"fn\"><a href=\"https:\/\/bhpa.ba\/bhpaintranet\/author\/bihpa\/\" title=\"Posts by bihpa\" rel=\"author\">bihpa<\/a><\/span><\/span><span class=\"updated\" style=\"display:none;\">2024-07-15T11:14:34+02:00<\/span><h4 class=\"entry-title\"><a href=\"https:\/\/bhpa.ba\/bhpaintranet\/najava-ii-kpr-seminara-u-2024-godini\/\">II KPR SEMINAR U 2024. GODINI<\/a><\/h4><p class=\"meta\"><span class=\"vcard\" style=\"display: none;\"><span class=\"fn\"><a href=\"https:\/\/bhpa.ba\/bhpaintranet\/author\/bihpa\/\" title=\"Posts by bihpa\" rel=\"author\">bihpa<\/a><\/span><\/span><span class=\"updated\" style=\"display:none;\">2024-07-15T11:14:34+02:00<\/span><span>June 5th, 2024<\/span><span class=\"fusion-inline-sep\">|<\/span><\/p><p>U organizaciji Udru\u017eenja eksperata iz oblasti nekretnina, 22.06.2024. godine odr\u017ean je drugi seminar BHPA u 2024. godini u Hotelu Hollywood, Dr. Mustafe Pintola, Ilid\u017ea. Predava\u010di na ovom seminaru su bili : Predava\u010d:\u00a0Be\u0161lagi\u0107 Nermina, dipl.ing.arh Predava\u010d:\u00a0Prof.dr. [...]<\/p><\/div><\/article><article class=\"post fusion-column column col col-lg-12 col-md-12 col-sm-12\"><div class=\"fusion-date-and-formats\"><div class=\"fusion-date-box updated\"><span class=\"fusion-date\">27<\/span><span class=\"fusion-month-year\">05, 2024<\/span><\/div><div class=\"fusion-format-box\"><i class=\"fusion-icon-pen\"><\/i><\/div><\/div><div class=\"recent-posts-content\"><span class=\"vcard\" style=\"display: none;\"><span class=\"fn\"><a href=\"https:\/\/bhpa.ba\/bhpaintranet\/author\/bihpa\/\" title=\"Posts by bihpa\" rel=\"author\">bihpa<\/a><\/span><\/span><span class=\"updated\" style=\"display:none;\">2024-05-27T10:53:12+02:00<\/span><h4 class=\"entry-title\"><a href=\"https:\/\/bhpa.ba\/bhpaintranet\/gostovanje-clana-bhpa-prof-dr-sarajcic-sahrudina-na-bhrt-u\/\">Gostovanje \u010dlana BHPA, Prof.dr. Saraj\u010di\u0107 Sahrudina na BHRT-u<\/a><\/h4><p class=\"meta\"><span class=\"vcard\" style=\"display: none;\"><span class=\"fn\"><a href=\"https:\/\/bhpa.ba\/bhpaintranet\/author\/bihpa\/\" title=\"Posts by bihpa\" rel=\"author\">bihpa<\/a><\/span><\/span><span class=\"updated\" style=\"display:none;\">2024-05-27T10:53:12+02:00<\/span><span>May 27th, 2024<\/span><span class=\"fusion-inline-sep\">|<\/span><\/p><p>U subotu, 25.05.2024. godine emitovana je emisija \"Potro\u0161a\u010dki smjer\" u programu BHRT-a, u kojoj je gostovao \u010dlan na\u0161eg Udru\u017eenja Prof.dr. Saraj\u010di\u0107 Sahrudin, koji je tom prilikom govorio o stanju na tr\u017ei\u0161tu nekretnina te priu\u0161tivosti nekretnina [...]<\/p><\/div><\/article><article class=\"post fusion-column column col col-lg-12 col-md-12 col-sm-12\"><div class=\"fusion-date-and-formats\"><div class=\"fusion-date-box updated\"><span class=\"fusion-date\">24<\/span><span class=\"fusion-month-year\">05, 2024<\/span><\/div><div class=\"fusion-format-box\"><i class=\"fusion-icon-pen\"><\/i><\/div><\/div><div class=\"recent-posts-content\"><span class=\"vcard\" style=\"display: none;\"><span class=\"fn\"><a href=\"https:\/\/bhpa.ba\/bhpaintranet\/author\/bihpa\/\" title=\"Posts by bihpa\" rel=\"author\">bihpa<\/a><\/span><\/span><span class=\"updated\" style=\"display:none;\">2024-05-29T09:44:55+02:00<\/span><h4 class=\"entry-title\"><a href=\"https:\/\/bhpa.ba\/bhpaintranet\/najava-i-kpr-seminara-u-2024-godini\/\">I KPR seminar u 2024. godini<\/a><\/h4><p class=\"meta\"><span class=\"vcard\" style=\"display: none;\"><span class=\"fn\"><a href=\"https:\/\/bhpa.ba\/bhpaintranet\/author\/bihpa\/\" title=\"Posts by bihpa\" rel=\"author\">bihpa<\/a><\/span><\/span><span class=\"updated\" style=\"display:none;\">2024-05-29T09:44:55+02:00<\/span><span>May 24th, 2024<\/span><span class=\"fusion-inline-sep\">|<\/span><\/p><p>U organizaciji Udru\u017eenja eksperata iz oblasti nekretnina, 25.05.2024. godine odr\u017ean je prvi seminar BHPA u 2024. godini u Hotelu Hollywood, Dr. Mustafe Pintola, Ilid\u017ea. Predava\u010di na ovom seminaru su bili : Jasmin Ho\u0161o \u2013 CEO-Tondach [...]<\/p><\/div><\/article><\/section><\/div><div class=\"fusion-clearfix\"><\/div><\/div><\/div><\/div><\/div>\n","protected":false},"excerpt":{"rendered":"","protected":false},"author":2,"featured_media":0,"parent":0,"menu_order":0,"comment_status":"closed","ping_status":"closed","template":"","meta":{"footnotes":""},"_links":{"self":[{"href":"https:\/\/bhpa.ba\/bhpaintranet\/wp-json\/wp\/v2\/pages\/811"}],"collection":[{"href":"https:\/\/bhpa.ba\/bhpaintranet\/wp-json\/wp\/v2\/pages"}],"about":[{"href":"https:\/\/bhpa.ba\/bhpaintranet\/wp-json\/wp\/v2\/types\/page"}],"author":[{"embeddable":true,"href":"https:\/\/bhpa.ba\/bhpaintranet\/wp-json\/wp\/v2\/users\/2"}],"replies":[{"embeddable":true,"href":"https:\/\/bhpa.ba\/bhpaintranet\/wp-json\/wp\/v2\/comments?post=811"}],"version-history":[{"count":32,"href":"https:\/\/bhpa.ba\/bhpaintranet\/wp-json\/wp\/v2\/pages\/811\/revisions"}],"predecessor-version":[{"id":1787,"href":"https:\/\/bhpa.ba\/bhpaintranet\/wp-json\/wp\/v2\/pages\/811\/revisions\/1787"}],"wp:attachment":[{"href":"https:\/\/bhpa.ba\/bhpaintranet\/wp-json\/wp\/v2\/media?parent=811"}],"curies":[{"name":"wp","href":"https:\/\/api.w.org\/{rel}","templated":true}]}}