{"id":321,"date":"2017-11-15T16:35:01","date_gmt":"2017-11-15T15:35:01","guid":{"rendered":"https:\/\/bhpa.ba\/?page_id=321"},"modified":"2025-05-23T18:45:48","modified_gmt":"2025-05-23T16:45:48","slug":"servis","status":"publish","type":"page","link":"https:\/\/bhpa.ba\/bhpaintranet\/servis\/","title":{"rendered":"Organizaciona struktura"},"content":{"rendered":"\t\t<div data-elementor-type=\"wp-page\" data-elementor-id=\"321\" class=\"elementor elementor-321\">\n\t\t\t\t<div class=\"elementor-element elementor-element-3eabcf4b e-con-full e-flex e-con e-parent\" data-id=\"3eabcf4b\" data-element_type=\"container\" data-settings=\"{&quot;background_background&quot;:&quot;classic&quot;}\">\n\t\t<div class=\"elementor-element elementor-element-20901 e-con-full e-flex e-con e-child\" data-id=\"20901\" data-element_type=\"container\">\n\t\t\t\t<div class=\"elementor-element elementor-element-427c4d0a elementor-widget__width-initial elementor-widget elementor-widget-heading\" data-id=\"427c4d0a\" data-element_type=\"widget\" data-widget_type=\"heading.default\">\n\t\t\t\t<div class=\"elementor-widget-container\">\n\t\t\t\t\t<h1 class=\"elementor-heading-title elementor-size-default\">Predsjednik udru\u017eenja<\/h1>\t\t\t\t<\/div>\n\t\t\t\t<\/div>\n\t\t\t\t<\/div>\n\t\t<div class=\"elementor-element elementor-element-23fd3d1b e-con-full e-flex e-con e-child\" data-id=\"23fd3d1b\" data-element_type=\"container\">\n\t\t\t\t<div class=\"elementor-element elementor-element-2e1f6880 elementor-widget elementor-widget-text-editor\" data-id=\"2e1f6880\" data-element_type=\"widget\" data-widget_type=\"text-editor.default\">\n\t\t\t\t<div class=\"elementor-widget-container\">\n\t\t\t\t\t\t\t\t\t<p>Prof. Dr. Muharem Karamuji\u0107, MRICS, RVivs<\/p>\t\t\t\t\t\t\t\t<\/div>\n\t\t\t\t<\/div>\n\t\t<div class=\"elementor-element elementor-element-bd6fc6a e-con-full e-flex e-con e-child\" data-id=\"bd6fc6a\" data-element_type=\"container\">\n\t\t\t\t<div class=\"elementor-element elementor-element-12f8f14 elementor-widget elementor-widget-text-editor\" data-id=\"12f8f14\" data-element_type=\"widget\" data-widget_type=\"text-editor.default\">\n\t\t\t\t<div class=\"elementor-widget-container\">\n\t\t\t\t\t\t\t\t\t<p>Kontakt: muharem.karamujic@efsa.unsa.ba<\/p>\t\t\t\t\t\t\t\t<\/div>\n\t\t\t\t<\/div>\n\t\t\t\t<\/div>\n\t\t\t\t<\/div>\n\t\t\t\t<\/div>\n\t\t<div class=\"elementor-element elementor-element-2b3b115 e-con-full e-flex e-con e-parent\" data-id=\"2b3b115\" data-element_type=\"container\" data-settings=\"{&quot;background_background&quot;:&quot;classic&quot;}\">\n\t\t<div class=\"elementor-element elementor-element-87b0663 e-con-full e-flex e-con e-child\" data-id=\"87b0663\" data-element_type=\"container\">\n\t\t\t\t<div class=\"elementor-element elementor-element-16b0df7 elementor-widget__width-initial elementor-widget elementor-widget-heading\" data-id=\"16b0df7\" data-element_type=\"widget\" data-widget_type=\"heading.default\">\n\t\t\t\t<div class=\"elementor-widget-container\">\n\t\t\t\t\t<h1 class=\"elementor-heading-title elementor-size-default\">Potpredsjednik udru\u017eenja<\/h1>\t\t\t\t<\/div>\n\t\t\t\t<\/div>\n\t\t\t\t<\/div>\n\t\t<div class=\"elementor-element elementor-element-79ea5dd e-con-full e-flex e-con e-child\" data-id=\"79ea5dd\" data-element_type=\"container\">\n\t\t\t\t<div class=\"elementor-element elementor-element-df6e296 elementor-widget elementor-widget-text-editor\" data-id=\"df6e296\" data-element_type=\"widget\" data-widget_type=\"text-editor.default\">\n\t\t\t\t<div class=\"elementor-widget-container\">\n\t\t\t\t\t\t\t\t\t<p>Milan Suboti\u0107, RVivs<\/p>\t\t\t\t\t\t\t\t<\/div>\n\t\t\t\t<\/div>\n\t\t<div class=\"elementor-element elementor-element-6e41e39 e-con-full e-flex e-con e-child\" data-id=\"6e41e39\" data-element_type=\"container\">\n\t\t\t\t<div class=\"elementor-element elementor-element-101e294 elementor-widget elementor-widget-text-editor\" data-id=\"101e294\" data-element_type=\"widget\" data-widget_type=\"text-editor.default\">\n\t\t\t\t<div class=\"elementor-widget-container\">\n\t\t\t\t\t\t\t\t\t<p>Kontakt: msubotic.ekvator@gmail.com<\/p>\t\t\t\t\t\t\t\t<\/div>\n\t\t\t\t<\/div>\n\t\t\t\t<\/div>\n\t\t\t\t<\/div>\n\t\t\t\t<\/div>\n\t\t<div class=\"elementor-element elementor-element-e949539 e-con-full e-flex e-con e-parent\" data-id=\"e949539\" data-element_type=\"container\" data-settings=\"{&quot;background_background&quot;:&quot;classic&quot;}\">\n\t\t<div class=\"elementor-element elementor-element-45f47ec e-con-full e-flex e-con e-child\" data-id=\"45f47ec\" data-element_type=\"container\">\n\t\t\t\t<div class=\"elementor-element elementor-element-16a1c77 elementor-widget__width-initial elementor-widget elementor-widget-heading\" data-id=\"16a1c77\" data-element_type=\"widget\" data-widget_type=\"heading.default\">\n\t\t\t\t<div class=\"elementor-widget-container\">\n\t\t\t\t\t<h1 class=\"elementor-heading-title elementor-size-default\">Predsjednica skup\u0161tine<\/h1>\t\t\t\t<\/div>\n\t\t\t\t<\/div>\n\t\t\t\t<\/div>\n\t\t<div class=\"elementor-element elementor-element-210574e e-con-full e-flex e-con e-child\" data-id=\"210574e\" data-element_type=\"container\">\n\t\t\t\t<div class=\"elementor-element elementor-element-46084ce elementor-widget elementor-widget-text-editor\" data-id=\"46084ce\" data-element_type=\"widget\" data-widget_type=\"text-editor.default\">\n\t\t\t\t<div class=\"elementor-widget-container\">\n\t\t\t\t\t\t\t\t\t<p>Vesna \u0160ili\u0107, RVivs<\/p>\t\t\t\t\t\t\t\t<\/div>\n\t\t\t\t<\/div>\n\t\t<div class=\"elementor-element elementor-element-506fe66 e-con-full e-flex e-con e-child\" data-id=\"506fe66\" data-element_type=\"container\">\n\t\t\t\t<div class=\"elementor-element elementor-element-44b0bea elementor-widget elementor-widget-text-editor\" data-id=\"44b0bea\" data-element_type=\"widget\" data-widget_type=\"text-editor.default\">\n\t\t\t\t<div class=\"elementor-widget-container\">\n\t\t\t\t\t\t\t\t\t<p>Kontakt: vecasilic@yahoo.com<\/p>\t\t\t\t\t\t\t\t<\/div>\n\t\t\t\t<\/div>\n\t\t\t\t<\/div>\n\t\t\t\t<\/div>\n\t\t\t\t<\/div>\n\t\t<div class=\"elementor-element elementor-element-91dbe58 e-con-full e-flex e-con e-parent\" data-id=\"91dbe58\" data-element_type=\"container\" data-settings=\"{&quot;background_background&quot;:&quot;classic&quot;}\">\n\t\t\t\t<div class=\"elementor-element elementor-element-99037d2 elementor-widget__width-initial elementor-widget elementor-widget-heading\" data-id=\"99037d2\" data-element_type=\"widget\" data-widget_type=\"heading.default\">\n\t\t\t\t<div class=\"elementor-widget-container\">\n\t\t\t\t\t<h1 class=\"elementor-heading-title elementor-size-default\">\u010clanovi Upravnog odbora<\/h1>\t\t\t\t<\/div>\n\t\t\t\t<\/div>\n\t\t<div class=\"elementor-element elementor-element-9ebac9e e-con-full e-flex e-con e-child\" data-id=\"9ebac9e\" data-element_type=\"container\">\n\t\t\t\t<\/div>\n\t\t<div class=\"elementor-element elementor-element-0714660 e-con-full e-flex e-con e-child\" data-id=\"0714660\" data-element_type=\"container\">\n\t\t\t\t<div class=\"elementor-element elementor-element-e13096f elementor-widget elementor-widget-text-editor\" data-id=\"e13096f\" data-element_type=\"widget\" data-widget_type=\"text-editor.default\">\n\t\t\t\t<div class=\"elementor-widget-container\">\n\t\t\t\t\t\t\t\t\t<p>Prof. Dr. Muharem Karamuji\u0107, MRICS, RVivs<\/p>\t\t\t\t\t\t\t\t<\/div>\n\t\t\t\t<\/div>\n\t\t\t\t<div class=\"elementor-element elementor-element-a5721ff elementor-widget elementor-widget-text-editor\" data-id=\"a5721ff\" data-element_type=\"widget\" data-widget_type=\"text-editor.default\">\n\t\t\t\t<div class=\"elementor-widget-container\">\n\t\t\t\t\t\t\t\t\t<p>Milan Suboti\u0107, RVivs<\/p>\t\t\t\t\t\t\t\t<\/div>\n\t\t\t\t<\/div>\n\t\t\t\t<div class=\"elementor-element elementor-element-4cefa9b elementor-widget elementor-widget-text-editor\" data-id=\"4cefa9b\" data-element_type=\"widget\" data-widget_type=\"text-editor.default\">\n\t\t\t\t<div class=\"elementor-widget-container\">\n\t\t\t\t\t\t\t\t\t<p>Emir Hod\u017ei\u0107, RVivs<\/p>\t\t\t\t\t\t\t\t<\/div>\n\t\t\t\t<\/div>\n\t\t\t\t<div class=\"elementor-element elementor-element-9cf9e5a elementor-widget elementor-widget-text-editor\" data-id=\"9cf9e5a\" data-element_type=\"widget\" data-widget_type=\"text-editor.default\">\n\t\t\t\t<div class=\"elementor-widget-container\">\n\t\t\t\t\t\t\t\t\t<p>Vesna \u0160ili\u0107, RVivs<\/p>\t\t\t\t\t\t\t\t<\/div>\n\t\t\t\t<\/div>\n\t\t\t\t<div class=\"elementor-element elementor-element-43905d2 elementor-widget elementor-widget-text-editor\" data-id=\"43905d2\" data-element_type=\"widget\" data-widget_type=\"text-editor.default\">\n\t\t\t\t<div class=\"elementor-widget-container\">\n\t\t\t\t\t\t\t\t\t<p>Nid\u017eara Had\u017eiomerovi\u0107, RVivs<\/p>\t\t\t\t\t\t\t\t<\/div>\n\t\t\t\t<\/div>\n\t\t\t\t<div class=\"elementor-element elementor-element-1718c0e elementor-widget elementor-widget-text-editor\" data-id=\"1718c0e\" data-element_type=\"widget\" data-widget_type=\"text-editor.default\">\n\t\t\t\t<div class=\"elementor-widget-container\">\n\t\t\t\t\t\t\t\t\t<p>Prof. Dr. Vedad Silajd\u017ei\u0107<\/p>\t\t\t\t\t\t\t\t<\/div>\n\t\t\t\t<\/div>\n\t\t\t\t<div class=\"elementor-element elementor-element-1d03659 elementor-widget elementor-widget-text-editor\" data-id=\"1d03659\" data-element_type=\"widget\" data-widget_type=\"text-editor.default\">\n\t\t\t\t<div class=\"elementor-widget-container\">\n\t\t\t\t\t\t\t\t\t<p>Dragan \u0160oji\u0107, RVivs<\/p>\t\t\t\t\t\t\t\t<\/div>\n\t\t\t\t<\/div>\n\t\t\t\t<div class=\"elementor-element elementor-element-bcc0dd7 elementor-widget elementor-widget-text-editor\" data-id=\"bcc0dd7\" data-element_type=\"widget\" data-widget_type=\"text-editor.default\">\n\t\t\t\t<div class=\"elementor-widget-container\">\n\t\t\t\t\t\t\t\t\t<p>Denis Hasani\u0107, ABHPA<\/p>\t\t\t\t\t\t\t\t<\/div>\n\t\t\t\t<\/div>\n\t\t\t\t<div class=\"elementor-element elementor-element-b0504b9 elementor-widget elementor-widget-text-editor\" data-id=\"b0504b9\" data-element_type=\"widget\" data-widget_type=\"text-editor.default\">\n\t\t\t\t<div class=\"elementor-widget-container\">\n\t\t\t\t\t\t\t\t\t<p>Sanja Pupovac, RVivs<\/p>\t\t\t\t\t\t\t\t<\/div>\n\t\t\t\t<\/div>\n\t\t\t\t<div class=\"elementor-element elementor-element-26bff13 elementor-widget elementor-widget-text-editor\" data-id=\"26bff13\" data-element_type=\"widget\" data-widget_type=\"text-editor.default\">\n\t\t\t\t<div class=\"elementor-widget-container\">\n\t\t\t\t\t\t\t\t\t<p>Indira \u010camd\u017ei\u0107, RVivs<\/p>\t\t\t\t\t\t\t\t<\/div>\n\t\t\t\t<\/div>\n\t\t\t\t<\/div>\n\t\t\t\t<\/div>\n\t\t<div class=\"elementor-element elementor-element-2bad54e e-con-full e-flex e-con e-parent\" data-id=\"2bad54e\" data-element_type=\"container\" data-settings=\"{&quot;background_background&quot;:&quot;classic&quot;}\">\n\t\t\t\t<div class=\"elementor-element elementor-element-d1cb7d0 elementor-widget__width-initial elementor-widget elementor-widget-heading\" data-id=\"d1cb7d0\" data-element_type=\"widget\" data-widget_type=\"heading.default\">\n\t\t\t\t<div class=\"elementor-widget-container\">\n\t\t\t\t\t<h1 class=\"elementor-heading-title elementor-size-default\">\u010clanovi Upravnog odbora<\/h1>\t\t\t\t<\/div>\n\t\t\t\t<\/div>\n\t\t<div class=\"elementor-element elementor-element-3878cb8 e-con-full e-flex e-con e-child\" data-id=\"3878cb8\" data-element_type=\"container\">\n\t\t\t\t<\/div>\n\t\t<div class=\"elementor-element elementor-element-98dc52e e-con-full e-flex e-con e-child\" data-id=\"98dc52e\" data-element_type=\"container\">\n\t\t\t\t<div class=\"elementor-element elementor-element-bce7c83 elementor-widget elementor-widget-text-editor\" data-id=\"bce7c83\" data-element_type=\"widget\" data-widget_type=\"text-editor.default\">\n\t\t\t\t<div class=\"elementor-widget-container\">\n\t\t\t\t\t\t\t\t\t<p>Omer Paji\u0107, RVivs<\/p>\t\t\t\t\t\t\t\t<\/div>\n\t\t\t\t<\/div>\n\t\t\t\t<div class=\"elementor-element elementor-element-507bde0 elementor-widget elementor-widget-text-editor\" data-id=\"507bde0\" data-element_type=\"widget\" data-widget_type=\"text-editor.default\">\n\t\t\t\t<div class=\"elementor-widget-container\">\n\t\t\t\t\t\t\t\t\t<p>Muhidin Alibegovi\u0107, RVivs<\/p>\t\t\t\t\t\t\t\t<\/div>\n\t\t\t\t<\/div>\n\t\t\t\t<div class=\"elementor-element elementor-element-4c19159 elementor-widget elementor-widget-text-editor\" data-id=\"4c19159\" data-element_type=\"widget\" data-widget_type=\"text-editor.default\">\n\t\t\t\t<div class=\"elementor-widget-container\">\n\t\t\t\t\t\t\t\t\t<p>Eldar Kulovi\u0107<\/p>\t\t\t\t\t\t\t\t<\/div>\n\t\t\t\t<\/div>\n\t\t\t\t<\/div>\n\t\t\t\t<\/div>\n\t\t\t\t<\/div>\n\t\t","protected":false},"excerpt":{"rendered":"<p>Predsjednik udru\u017eenja Prof. Dr. Muharem Karamuji\u0107, MRICS, RVivs Kontakt: muharem.karamujic@efsa.unsa.ba Potpredsjednik udru\u017eenja Milan Suboti\u0107, RVivs Kontakt: msubotic.ekvator@gmail.com Predsjednica skup\u0161tine Vesna \u0160ili\u0107, RVivs Kontakt: vecasilic@yahoo.com \u010clanovi Upravnog odbora Prof. Dr. Muharem Karamuji\u0107, MRICS, RVivs Milan Suboti\u0107, RVivs Emir Hod\u017ei\u0107, RVivs Vesna \u0160ili\u0107, RVivs Nid\u017eara Had\u017eiomerovi\u0107, RVivs Prof. Dr. Vedad Silajd\u017ei\u0107 Dragan \u0160oji\u0107, RVivs Denis Hasani\u0107, ABHPA [&hellip;]<\/p>\n","protected":false},"author":2,"featured_media":0,"parent":0,"menu_order":0,"comment_status":"closed","ping_status":"closed","template":"","meta":{"footnotes":""},"_links":{"self":[{"href":"https:\/\/bhpa.ba\/bhpaintranet\/wp-json\/wp\/v2\/pages\/321"}],"collection":[{"href":"https:\/\/bhpa.ba\/bhpaintranet\/wp-json\/wp\/v2\/pages"}],"about":[{"href":"https:\/\/bhpa.ba\/bhpaintranet\/wp-json\/wp\/v2\/types\/page"}],"author":[{"embeddable":true,"href":"https:\/\/bhpa.ba\/bhpaintranet\/wp-json\/wp\/v2\/users\/2"}],"replies":[{"embeddable":true,"href":"https:\/\/bhpa.ba\/bhpaintranet\/wp-json\/wp\/v2\/comments?post=321"}],"version-history":[{"count":74,"href":"https:\/\/bhpa.ba\/bhpaintranet\/wp-json\/wp\/v2\/pages\/321\/revisions"}],"predecessor-version":[{"id":2925,"href":"https:\/\/bhpa.ba\/bhpaintranet\/wp-json\/wp\/v2\/pages\/321\/revisions\/2925"}],"wp:attachment":[{"href":"https:\/\/bhpa.ba\/bhpaintranet\/wp-json\/wp\/v2\/media?parent=321"}],"curies":[{"name":"wp","href":"https:\/\/api.w.org\/{rel}","templated":true}]}}