{"id":1975,"date":"2019-03-13T13:13:51","date_gmt":"2019-03-13T12:13:51","guid":{"rendered":"https:\/\/bhpa.ba\/?page_id=1975"},"modified":"2025-05-23T19:17:04","modified_gmt":"2025-05-23T17:17:04","slug":"program-edukacije-za-profesionalno-certificiranje-valuatora-imovine","status":"publish","type":"page","link":"https:\/\/bhpa.ba\/bhpaintranet\/edukacije\/program-edukacije-za-profesionalno-certificiranje-valuatora-imovine\/","title":{"rendered":"Program edukacije za profesionalno certificiranje valuatora imovine"},"content":{"rendered":"<div class=\"fusion-fullwidth fullwidth-box fusion-builder-row-1 nonhundred-percent-fullwidth non-hundred-percent-height-scrolling\"  style='background-color: rgba(255,255,255,0);background-position: center center;background-repeat: no-repeat;padding-top:0px;padding-right:0px;padding-bottom:0px;padding-left:0px;border-top-width:0px;border-bottom-width:0px;border-color:#eae9e9;border-top-style:solid;border-bottom-style:solid;'><div class=\"fusion-builder-row fusion-row \"><div  class=\"fusion-layout-column fusion_builder_column fusion_builder_column_3_4 fusion-builder-column-0 fusion-three-fourth fusion-column-first 3_4\"  style='margin-top:0px;margin-bottom:20px;width:75%;width:calc(75% - ( ( 4% ) * 0.75 ) );margin-right: 4%;'><div class=\"fusion-column-wrapper\" style=\"padding: 0px 0px 0px 0px;background-position:left top;background-repeat:no-repeat;-webkit-background-size:cover;-moz-background-size:cover;-o-background-size:cover;background-size:cover;\"   data-bg-url=\"\"><div class=\"fusion-text\"><h3><strong>OSNOVNE INFORMACIJE O PROGRAMU<\/strong><\/h3>\n<\/div><div class=\"fusion-text\"><hr \/>\n<p>Program edukacije za profesionalno certificiranje valuatora imovine zasnovan je na edukacionim, akademskim i profesionalnim standardima propisanim od Medjunarodnog Vije\u0107a za Standarde Vrednovanja (eng. International Valuation Standards Council \u2013 IVSC).<\/p>\n<p>Organizator programa edukacije je Udru\u017eenje eksperata iz oblasti nekretnina u Bosni i Hercegovini \u2013 medjunarodno prepoznato udru\u017eenje koje je punopravni \u010dlan IVSC-a. Rukovodilac programa edukacije je Optimal Property Solutions d.o.o. dru\u0161tvo za finansijski konsalting i edukaciju.<\/p>\n<p>Nastavni plan Programa sastoji se od \u0161est predmeta (minimalno 120 sati) i polaznicima omogu\u0107ava usvajanje svih neophodnih teoretskih i prakti\u010dnih znanja i vje\u0161tina iz oblasti procjene vrijednosti i drugih relevantnih oblasti.<\/p>\n<p>Polaznici \u0107e imati priliku u\u010diti od interdisciplinarnog tima predava\u010da, etabliranog u oblasti vrednovanja, sa vi\u0161egodi\u0161njim predava\u010dkim i prakti\u010dnim iskustvom. Realizacija programa podr\u017eana je adekvatnom online obrazovnom platformom koja, izmedju ostalog, sadr\u017ei sveobuhvatne nastavne materijale te a\u017eurirane informacije o Programu i nastavi.<\/p>\n<p>Nastava Programa \u0107e se izvoditi kombinovano (inclass i online). Po zavr\u0161etku programa, polaznici koji uspje\u0161no polo\u017ee sve ispite, uz posjedovanje relevantnog radnog iskustva, dobijaju priliku za sticanje zvanja certificiranog valuatora \u2013 procjenitelja nekretnina u skladu sa Medjunarodnim standardima vrednovanja (RVIVS).<\/p>\n<p>&nbsp;<\/p>\n<p>BHPA je do sada uspje\u0161no certificirao 22 valuatora, a na sljede\u0107im linkovima mo\u017eete prona\u0107i vi\u0161e informacija:<\/p>\n<ul>\n<li>IVSC link na kojem su listani svi me\u0111unarodno prepoznati Valuatori: https:\/\/ivsc.org\/global-adoption\/<\/li>\n<li>Link za promociju prve generacije IVSC-ovih IVS prepoznatih valuatora: https:\/\/youtu.be\/JTqvr11j7Co<\/li>\n<\/ul>\n<p>&nbsp;<\/p>\n<p><a href=\"https:\/\/bhpa.ba\/wp-content\/uploads\/2023\/12\/Brosura_RVIVS-2023.pdf\">Bro\u0161ura programa edukacije<\/a><\/p>\n<p><a href=\"https:\/\/bhpa.ba\/wp-content\/uploads\/2023\/12\/Aplikacija-Prijava-za-program-edukacije-za-profesionalno-certificiranje-valuatora-nekretnina.doc\">Aplikacija &#8211; Prijava za program edukacije za profesionalno certificiranje valuatora nekretnina<\/a><\/p>\n<hr \/>\n<\/div><div class=\"fusion-clearfix\"><\/div><\/div><\/div><\/div><\/div>\n","protected":false},"excerpt":{"rendered":"","protected":false},"author":2,"featured_media":0,"parent":614,"menu_order":0,"comment_status":"closed","ping_status":"closed","template":"","meta":{"footnotes":""},"_links":{"self":[{"href":"https:\/\/bhpa.ba\/bhpaintranet\/wp-json\/wp\/v2\/pages\/1975"}],"collection":[{"href":"https:\/\/bhpa.ba\/bhpaintranet\/wp-json\/wp\/v2\/pages"}],"about":[{"href":"https:\/\/bhpa.ba\/bhpaintranet\/wp-json\/wp\/v2\/types\/page"}],"author":[{"embeddable":true,"href":"https:\/\/bhpa.ba\/bhpaintranet\/wp-json\/wp\/v2\/users\/2"}],"replies":[{"embeddable":true,"href":"https:\/\/bhpa.ba\/bhpaintranet\/wp-json\/wp\/v2\/comments?post=1975"}],"version-history":[{"count":16,"href":"https:\/\/bhpa.ba\/bhpaintranet\/wp-json\/wp\/v2\/pages\/1975\/revisions"}],"predecessor-version":[{"id":2933,"href":"https:\/\/bhpa.ba\/bhpaintranet\/wp-json\/wp\/v2\/pages\/1975\/revisions\/2933"}],"up":[{"embeddable":true,"href":"https:\/\/bhpa.ba\/bhpaintranet\/wp-json\/wp\/v2\/pages\/614"}],"wp:attachment":[{"href":"https:\/\/bhpa.ba\/bhpaintranet\/wp-json\/wp\/v2\/media?parent=1975"}],"curies":[{"name":"wp","href":"https:\/\/api.w.org\/{rel}","templated":true}]}}