{"id":1337,"date":"2018-06-12T13:39:29","date_gmt":"2018-06-12T11:39:29","guid":{"rendered":"https:\/\/bhpa.ba\/?page_id=1337"},"modified":"2018-10-10T11:30:42","modified_gmt":"2018-10-10T09:30:42","slug":"medjunarodno-priznanje-bhpa","status":"publish","type":"page","link":"https:\/\/bhpa.ba\/bhpaintranet\/medjunarodno-priznanje-bhpa\/","title":{"rendered":"Me\u0111unarodno priznanje BHPA"},"content":{"rendered":"<div class=\"fusion-fullwidth fullwidth-box fusion-builder-row-1 nonhundred-percent-fullwidth non-hundred-percent-height-scrolling\"  style='background-color: rgba(255,255,255,0);background-position: center center;background-repeat: no-repeat;padding-top:0px;padding-right:0px;padding-bottom:0px;padding-left:0px;border-top-width:0px;border-bottom-width:0px;border-color:#eae9e9;border-top-style:solid;border-bottom-style:solid;'><div class=\"fusion-builder-row fusion-row \"><div  class=\"fusion-layout-column fusion_builder_column fusion_builder_column_1_1 fusion-builder-column-0 fusion-one-full fusion-column-first fusion-column-last 1_1\"  style='margin-top:0px;margin-bottom:0px;'><div class=\"fusion-column-wrapper\" style=\"padding: 0px 0px 0px 0px;background-position:left top;background-repeat:no-repeat;-webkit-background-size:cover;-moz-background-size:cover;-o-background-size:cover;background-size:cover;\"   data-bg-url=\"\"><div class=\"fusion-text\"><h2><\/h2>\n<h2><\/h2>\n<hr \/>\n<h1 style=\"text-align: center;\"><strong><span style=\"color: #003366;\">Me\u0111unarodno priznanje BHPA<\/span><\/strong><\/h1>\n<hr \/>\n<h2><\/h2>\n<h2>Zadovoljstvo nam je da vas mo\u017eemo obavijestiti o dodatnom napretku koje je Udru\u017eenje eksperata iz oblasti nekretnina u Bosni i Hercegovini (BHPA) postiglo u okviru napora za involviranje u me\u0111unarodne strukture i de\u0161avanja u oblastima vezanim za procjenu imovine, uskla\u0111ivanje sa me\u0111unarodnim standardnima i prepoznavanje BHPA od relevantnih me\u0111unarodnih institucija.<\/h2>\n<h2>Nakon \u0161to smo u maju teku\u0107e godine me\u0111unarodno priznati \u010dlanstvom u Evropskom udru\u017eenju asocijacija za procjenitelje (The European Group of Valuers&#8217; Associations \u2013 TEGoVA), obavje\u0161tavamo vas da smo postali \u010dlanom Vije\u0107a za me\u0111unarodne standarde vrjednovanja (International Valuation Standards Council &#8211; IVSC).<\/h2>\n<h2>IVSC je nezavisna i neprofitna organizacija koja djeluje kao globalni akter u uspostavljanju standarda koji se koriste u praksi i profesiji vrjednovanja. IVSC predstavlja lidera u formiranju i standardizaciji me\u0111unarodnih standarda vrjednovanja sa misijom podizanja i razvoja istih. IVSC broji oko 100 \u010dlanica iz razli\u010ditih dijelova svijeta.<\/h2>\n<h2>Osnovni ciljevi IVSC-a su:<\/h2>\n<ul>\n<li style=\"text-align: justify;\">\n<h2>razvijanje visokokvalitetnih me\u0111unarodnih standarda vrijednovanja (IVS) koji podsti\u010du konzistentnost, transparentnost i povjerenje u vrijednovanje imovine; i<\/h2>\n<\/li>\n<li>\n<h2>usvajanje me\u0111unarodnih standarda od profesionalnih organizacija za procjenu vrijednosti.<\/h2>\n<\/li>\n<\/ul>\n<h2>U nastavku navodimo nekoliko osnovnih karakteristika IVSC-a:<\/h2>\n<ul>\n<li style=\"text-align: justify;\">\n<h2>IVSC u slu\u017ebi javnog interesa promovi\u0161e uskla\u0111ivanje i primjenu visoko kvalitetnih, me\u0111unarodno prihva\u0107enih standarda u pripremi i prezentaciji procjena tr\u017ei\u0161ne vrijednosti imovine;<\/h2>\n<\/li>\n<li style=\"text-align: justify;\">\n<h2>IVSC je kao neprofitna organizacija podr\u017eana u svojoj misiji od strane \u010dlanova i sponzora, uklju\u010duju\u0107i Svjetsku banku, Ujedinjene nacije, glavne me\u0111unarodne revizorske ku\u0107e i profesionalne organizacije za vrjednovanje;<\/h2>\n<\/li>\n<li style=\"text-align: justify;\">\n<h2>IVSC sara\u0111uje sa nacionalnim tijelima za standarde, vladama, regulatorima i pru\u017eaocima usluga kako bi me\u0111unarodni standardi vrjednovanja (IVS) bili usvojeni na globalnom nivou;<\/h2>\n<\/li>\n<\/ul>\n<h2>\u010clanstvom u TEGoVA i IVSC, BHPA je jo\u0161 jednom dokazalo da posjeduje liderske kapacitete za u\u010destvovanje u uskla\u0111ivanju i unaprije\u0111enju me\u0111unarodnih standarda iz oblasti vrjednovanja imovine i implementaciju me\u0111unarodnih standarda vrjednovanja na tr\u017ei\u0161tu Bosne i Hercegovine i regiona. Ovim i sli\u010dnima aktivnostima, BHPA ujedno doprinosi i unaprje\u0111enju same profesije vrijednovanja imovine, kao i drugih vezanih profesija. BHPA je \u010dlanstvom u TEGoVA i IVSC je ispunio niz postavljenih ciljeva, \u010diji se zna\u010daj primarno ogleda u sljede\u0107em:<\/h2>\n<ul>\n<li>\n<h2>Me\u0111unarodna prepoznatjivost organizacije i svih njenih \u010dlanova;<\/h2>\n<\/li>\n<li>\n<h2>Ispunjavanje pretpostavki za dalju stru\u010dnu saradnju, zajedni\u010dko djelovanje, uvid u praksu i razmjenu iskustava sa ostalim \u010dlanicama navedenih me\u0111unarodnih organizacija i institucija koji sa njima sara\u0111uju;<\/h2>\n<\/li>\n<li>\n<h2>Pozicioniranje BHPA kao udru\u017eenja koje:<\/h2>\n<ul>\n<li>\n<h2>prati evropske i me\u0111unarodne standarde,<\/h2>\n<\/li>\n<li>\n<h2>u\u010destvuje u razvoju profesije u Bosni i Hercegovini, kao i na evropskom i me\u0111unarodnom planu,<\/h2>\n<\/li>\n<li>\n<h2>na tr\u017ei\u0161te BiH stavlja na raspolaganje sva relevantna znanja i iskustva,<\/h2>\n<\/li>\n<li>\n<h2>svojim \u010dlanovima pru\u017ea pretpostavke za status najrelevantnijih stru\u010dnjaka za procjenu vrijednosti imovine,<\/h2>\n<\/li>\n<\/ul>\n<\/li>\n<\/ul>\n<ul>\n<li>\n<h2>Mogu\u0107nost u\u010de\u0161\u0107a na svjetskim konferencijama i edukacijama;<\/h2>\n<\/li>\n<li>\n<h2>Doprinos razvoju profesije i predstavljanje BiH na me\u0111unarodnom planu, itd.<\/h2>\n<\/li>\n<\/ul>\n<h2>BHPA \u0107e nastaviti na unaprje\u0111ivanju svog rada, kako bi tr\u017ei\u0161tu Bosne i Hercegovine ponudila kvalitetna rje\u0161enja u oblasti procjene vrijednosti imovine i vezanih oblasti.<\/h2>\n<h2>Predsjednik BHPA<\/h2>\n<h2>Prof. dr. Muharem Karamuji\u0107<\/h2>\n<\/div><div class=\"fusion-clearfix\"><\/div><\/div><\/div><\/div><\/div>\n","protected":false},"excerpt":{"rendered":"","protected":false},"author":2,"featured_media":0,"parent":0,"menu_order":0,"comment_status":"closed","ping_status":"closed","template":"","meta":{"footnotes":""},"_links":{"self":[{"href":"https:\/\/bhpa.ba\/bhpaintranet\/wp-json\/wp\/v2\/pages\/1337"}],"collection":[{"href":"https:\/\/bhpa.ba\/bhpaintranet\/wp-json\/wp\/v2\/pages"}],"about":[{"href":"https:\/\/bhpa.ba\/bhpaintranet\/wp-json\/wp\/v2\/types\/page"}],"author":[{"embeddable":true,"href":"https:\/\/bhpa.ba\/bhpaintranet\/wp-json\/wp\/v2\/users\/2"}],"replies":[{"embeddable":true,"href":"https:\/\/bhpa.ba\/bhpaintranet\/wp-json\/wp\/v2\/comments?post=1337"}],"version-history":[{"count":8,"href":"https:\/\/bhpa.ba\/bhpaintranet\/wp-json\/wp\/v2\/pages\/1337\/revisions"}],"predecessor-version":[{"id":1844,"href":"https:\/\/bhpa.ba\/bhpaintranet\/wp-json\/wp\/v2\/pages\/1337\/revisions\/1844"}],"wp:attachment":[{"href":"https:\/\/bhpa.ba\/bhpaintranet\/wp-json\/wp\/v2\/media?parent=1337"}],"curies":[{"name":"wp","href":"https:\/\/api.w.org\/{rel}","templated":true}]}}