{"id":1088,"date":"2018-04-23T11:40:18","date_gmt":"2018-04-23T09:40:18","guid":{"rendered":"https:\/\/bhpa.ba\/?page_id=1088"},"modified":"2025-05-23T19:08:05","modified_gmt":"2025-05-23T17:08:05","slug":"clanovi-bhpa","status":"publish","type":"page","link":"https:\/\/bhpa.ba\/bhpaintranet\/clanovi-bhpa\/","title":{"rendered":"\u010clanovi BHPA"},"content":{"rendered":"<div class=\"fusion-fullwidth fullwidth-box fusion-builder-row-1 nonhundred-percent-fullwidth non-hundred-percent-height-scrolling\"  style='background-color: rgba(255,255,255,0);background-position: center center;background-repeat: no-repeat;padding-top:0px;padding-right:0px;padding-bottom:0px;padding-left:0px;border-top-width:0px;border-bottom-width:0px;border-color:#eae9e9;border-top-style:solid;border-bottom-style:solid;'><div class=\"fusion-builder-row fusion-row \"><div  class=\"fusion-layout-column fusion_builder_column fusion_builder_column_1_1 fusion-builder-column-0 fusion-one-full fusion-column-first fusion-column-last 1_1\"  style='margin-top:0px;margin-bottom:0px;'><div class=\"fusion-column-wrapper\" style=\"padding: 0px 0px 0px 0px;background-position:left top;background-repeat:no-repeat;-webkit-background-size:cover;-moz-background-size:cover;-o-background-size:cover;background-size:cover;\"   data-bg-url=\"\">\n\n<table id=\"tablepress-2\" class=\"tablepress tablepress-id-2\">\n<thead>\n<tr class=\"row-1\">\n\t<th class=\"column-1\"><strong>Prezime i ime<\/strong><\/th><th class=\"column-2\"><strong>Kategorija \u010dlanstva<\/strong><\/th><th class=\"column-3\"><strong>RICS<\/strong><\/th><th class=\"column-4\"><strong>Sudski vje\u0161tak<\/strong><\/th>\n<\/tr>\n<\/thead>\n<tbody class=\"row-striping row-hover\">\n<tr class=\"row-2\">\n\t<td class=\"column-1\"><\/td><td class=\"column-2\"><\/td><td class=\"column-3\"><\/td><td class=\"column-4\"><\/td>\n<\/tr>\n<tr class=\"row-3\">\n\t<td class=\"column-1\">Antunovi\u0107 Zdenko<\/td><td class=\"column-2\">RBHPA<\/td><td class=\"column-3\">Ne<\/td><td class=\"column-4\">Da<\/td>\n<\/tr>\n<tr class=\"row-4\">\n\t<td class=\"column-1\">Alibegovi\u0107 Muhidin<\/td><td class=\"column-2\">RV<sub>IVS<\/sub><\/td><td class=\"column-3\">Ne<\/td><td class=\"column-4\">Da<\/td>\n<\/tr>\n<tr class=\"row-5\">\n\t<td class=\"column-1\">Alibegovi\u0107 Vahidin<\/td><td class=\"column-2\">RV<sub>IVS<\/sub><\/td><td class=\"column-3\">Ne<\/td><td class=\"column-4\">Da<\/td>\n<\/tr>\n<tr class=\"row-6\">\n\t<td class=\"column-1\">Atli\u0107 \u0160emsudin<\/td><td class=\"column-2\">RBHPA<\/td><td class=\"column-3\">Ne<\/td><td class=\"column-4\">Da<\/td>\n<\/tr>\n<tr class=\"row-7\">\n\t<td class=\"column-1\">Begovi\u0107 Zijad<\/td><td class=\"column-2\">RBHPA<\/td><td class=\"column-3\">Ne<\/td><td class=\"column-4\">Da<\/td>\n<\/tr>\n<tr class=\"row-8\">\n\t<td class=\"column-1\">Borov\u010danin Ljiljana<\/td><td class=\"column-2\">RBHPA<\/td><td class=\"column-3\">Ne<\/td><td class=\"column-4\">Da<\/td>\n<\/tr>\n<tr class=\"row-9\">\n\t<td class=\"column-1\">\u010camd\u017ei\u0107 Indira<\/td><td class=\"column-2\">RV<sub>IVS<\/sub><\/td><td class=\"column-3\">Ne<\/td><td class=\"column-4\">Da<\/td>\n<\/tr>\n<tr class=\"row-10\">\n\t<td class=\"column-1\">Deliba\u0161i\u0107 Abdulah <\/td><td class=\"column-2\">RV<sub>IVS<\/sub><\/td><td class=\"column-3\">Ne<\/td><td class=\"column-4\">Da<\/td>\n<\/tr>\n<tr class=\"row-11\">\n\t<td class=\"column-1\">Deli\u0107 Fahrudin<\/td><td class=\"column-2\">RV<sub>IVS<\/sub><\/td><td class=\"column-3\">Ne<\/td><td class=\"column-4\">Da<\/td>\n<\/tr>\n<tr class=\"row-12\">\n\t<td class=\"column-1\">\u0110onli\u0107 Dario<\/td><td class=\"column-2\">RBHPA<\/td><td class=\"column-3\">Ne<\/td><td class=\"column-4\">Da<\/td>\n<\/tr>\n<tr class=\"row-13\">\n\t<td class=\"column-1\">D\u017eaferovi\u0107 Mirsad<\/td><td class=\"column-2\">RBHPA<\/td><td class=\"column-3\">Ne<\/td><td class=\"column-4\">Da<\/td>\n<\/tr>\n<tr class=\"row-14\">\n\t<td class=\"column-1\">Elezagi\u0107 Skender<\/td><td class=\"column-2\">RBHPA<\/td><td class=\"column-3\">Ne<\/td><td class=\"column-4\">Ne<\/td>\n<\/tr>\n<tr class=\"row-15\">\n\t<td class=\"column-1\">Galija\u0161evi\u0107 Muhamed<\/td><td class=\"column-2\">RBHPA<\/td><td class=\"column-3\">Ne<\/td><td class=\"column-4\">Da<\/td>\n<\/tr>\n<tr class=\"row-16\">\n\t<td class=\"column-1\">Had\u017eiomerovi\u0107 Nid\u017eara<\/td><td class=\"column-2\">RV<sub>IVS<\/sub><\/td><td class=\"column-3\">Ne<\/td><td class=\"column-4\">Da<\/td>\n<\/tr>\n<tr class=\"row-17\">\n\t<td class=\"column-1\">Hajdaragi\u0107 Fevzija <\/td><td class=\"column-2\">RV<sub>IVS<\/sub><\/td><td class=\"column-3\">Ne<\/td><td class=\"column-4\">Da<\/td>\n<\/tr>\n<tr class=\"row-18\">\n\t<td class=\"column-1\">Halilovi\u0107 Jasmin<\/td><td class=\"column-2\">RBHPA<\/td><td class=\"column-3\">Ne<\/td><td class=\"column-4\">Da<\/td>\n<\/tr>\n<tr class=\"row-19\">\n\t<td class=\"column-1\">Hod\u017ei\u0107 Namik <\/td><td class=\"column-2\">RBHPA<\/td><td class=\"column-3\">Ne<\/td><td class=\"column-4\">Da<\/td>\n<\/tr>\n<tr class=\"row-20\">\n\t<td class=\"column-1\">Imamovi\u0107 Samra<\/td><td class=\"column-2\">RBHPA<\/td><td class=\"column-3\">Ne<\/td><td class=\"column-4\">Da<\/td>\n<\/tr>\n<tr class=\"row-21\">\n\t<td class=\"column-1\">Kadri\u0107 Kova\u010devi\u0107 Merima<\/td><td class=\"column-2\">RV<sub>IVS<\/sub><\/td><td class=\"column-3\">Ne<\/td><td class=\"column-4\">Da<\/td>\n<\/tr>\n<tr class=\"row-22\">\n\t<td class=\"column-1\">Karamuji\u0107 Muharem<\/td><td class=\"column-2\">RV<sub>IVS<\/sub><\/td><td class=\"column-3\">Da<\/td><td class=\"column-4\">Da<\/td>\n<\/tr>\n<tr class=\"row-23\">\n\t<td class=\"column-1\">Kazi\u0107 Hasnija<\/td><td class=\"column-2\">RBHPA<\/td><td class=\"column-3\">Ne<\/td><td class=\"column-4\">Da<\/td>\n<\/tr>\n<tr class=\"row-24\">\n\t<td class=\"column-1\">Kuki\u0107 Biljana<\/td><td class=\"column-2\">RBHPA<\/td><td class=\"column-3\">Ne<\/td><td class=\"column-4\">Da<\/td>\n<\/tr>\n<tr class=\"row-25\">\n\t<td class=\"column-1\">Lati\u0107 Kemal<\/td><td class=\"column-2\">RBHPA<\/td><td class=\"column-3\">Ne<\/td><td class=\"column-4\">Da<\/td>\n<\/tr>\n<tr class=\"row-26\">\n\t<td class=\"column-1\">Mandi\u0107 Radojica<\/td><td class=\"column-2\">RBHPA<\/td><td class=\"column-3\">Ne<\/td><td class=\"column-4\">Da<\/td>\n<\/tr>\n<tr class=\"row-27\">\n\t<td class=\"column-1\">Mandura Amra<\/td><td class=\"column-2\">RBHPA<\/td><td class=\"column-3\">Ne<\/td><td class=\"column-4\">Da<\/td>\n<\/tr>\n<tr class=\"row-28\">\n\t<td class=\"column-1\">Mandura Goran<\/td><td class=\"column-2\">RBHPA<\/td><td class=\"column-3\">Ne<\/td><td class=\"column-4\">Da<\/td>\n<\/tr>\n<tr class=\"row-29\">\n\t<td class=\"column-1\">Mustafi\u0107 Suada<\/td><td class=\"column-2\">RBHPA<\/td><td class=\"column-3\">Ne<\/td><td class=\"column-4\">Da<\/td>\n<\/tr>\n<tr class=\"row-30\">\n\t<td class=\"column-1\">Murti\u0107 Mirsada<\/td><td class=\"column-2\">RBHPA<\/td><td class=\"column-3\">Ne<\/td><td class=\"column-4\">Da<\/td>\n<\/tr>\n<tr class=\"row-31\">\n\t<td class=\"column-1\">Mujagi\u0107 Nusret<\/td><td class=\"column-2\">RBHPA<\/td><td class=\"column-3\">Ne<\/td><td class=\"column-4\">Da<\/td>\n<\/tr>\n<tr class=\"row-32\">\n\t<td class=\"column-1\">Nikoli\u0107 Ritan Vesna<\/td><td class=\"column-2\">RBHPA<\/td><td class=\"column-3\">Ne<\/td><td class=\"column-4\">Da<\/td>\n<\/tr>\n<tr class=\"row-33\">\n\t<td class=\"column-1\">Ma\u010dak Nijaz<\/td><td class=\"column-2\">RV<sub>IVS<\/sub><\/td><td class=\"column-3\">Ne<\/td><td class=\"column-4\">Da<\/td>\n<\/tr>\n<tr class=\"row-34\">\n\t<td class=\"column-1\">Novakovi\u0107 Goran<\/td><td class=\"column-2\">RBHPA<\/td><td class=\"column-3\">Ne<\/td><td class=\"column-4\">Da<\/td>\n<\/tr>\n<tr class=\"row-35\">\n\t<td class=\"column-1\">Ni\u0161avi\u0107 Marko<\/td><td class=\"column-2\">RBHPA<\/td><td class=\"column-3\">Ne<\/td><td class=\"column-4\">Ne<\/td>\n<\/tr>\n<tr class=\"row-36\">\n\t<td class=\"column-1\">Paji\u0107 Omer<\/td><td class=\"column-2\">RV<sub>IVS<\/sub><\/td><td class=\"column-3\">Ne<\/td><td class=\"column-4\">Da<\/td>\n<\/tr>\n<tr class=\"row-37\">\n\t<td class=\"column-1\">Pa\u0161ali\u0107 Enisa<\/td><td class=\"column-2\">RBHPA<\/td><td class=\"column-3\">Ne<\/td><td class=\"column-4\">Da<\/td>\n<\/tr>\n<tr class=\"row-38\">\n\t<td class=\"column-1\">Pupovac Sanja <\/td><td class=\"column-2\">RV<sub>IVS<\/sub><\/td><td class=\"column-3\">Ne<\/td><td class=\"column-4\">Da<\/td>\n<\/tr>\n<tr class=\"row-39\">\n\t<td class=\"column-1\">Spaho Lejla<\/td><td class=\"column-2\">RBHPA<\/td><td class=\"column-3\">Ne<\/td><td class=\"column-4\">Da<\/td>\n<\/tr>\n<tr class=\"row-40\">\n\t<td class=\"column-1\">Suboti\u0107 Milan<\/td><td class=\"column-2\">RV<sub>IVS<\/sub><\/td><td class=\"column-3\">Ne<\/td><td class=\"column-4\">Da<\/td>\n<\/tr>\n<tr class=\"row-41\">\n\t<td class=\"column-1\">Stjepanovi\u0107 Risto<\/td><td class=\"column-2\">RBHPA<\/td><td class=\"column-3\">Ne<\/td><td class=\"column-4\">Da<\/td>\n<\/tr>\n<tr class=\"row-42\">\n\t<td class=\"column-1\">\u0160ili\u0107 Vesna <\/td><td class=\"column-2\">RV<sub>IVS<\/sub><\/td><td class=\"column-3\">Ne<\/td><td class=\"column-4\">Da<\/td>\n<\/tr>\n<tr class=\"row-43\">\n\t<td class=\"column-1\">\u0160oji\u0107 Dragan<\/td><td class=\"column-2\">RV<sub>IVS<\/sub><\/td><td class=\"column-3\">Ne<\/td><td class=\"column-4\">Da<\/td>\n<\/tr>\n<tr class=\"row-44\">\n\t<td class=\"column-1\">Tr\u010dalo Mirna<\/td><td class=\"column-2\">RV<sub>IVS<\/sub><\/td><td class=\"column-3\">Ne<\/td><td class=\"column-4\">Da<\/td>\n<\/tr>\n<tr class=\"row-45\">\n\t<td class=\"column-1\">Vukojevi\u0107 Amela<\/td><td class=\"column-2\">RV<sub>IVS<\/sub><\/td><td class=\"column-3\">Ne<\/td><td class=\"column-4\">Da<\/td>\n<\/tr>\n<tr class=\"row-46\">\n\t<td class=\"column-1\">Vukojevi\u0107 Ljubisavka<\/td><td class=\"column-2\">RBHPA<\/td><td class=\"column-3\">Ne<\/td><td class=\"column-4\">Da<\/td>\n<\/tr>\n<tr class=\"row-47\">\n\t<td class=\"column-1\">Vugdali\u0107 Irfan<\/td><td class=\"column-2\">RBHPA<\/td><td class=\"column-3\">Ne<\/td><td class=\"column-4\">Da<\/td>\n<\/tr>\n<tr class=\"row-48\">\n\t<td class=\"column-1\">Marki\u0107 Davor<\/td><td class=\"column-2\">RV<sub>IVS<\/sub><\/td><td class=\"column-3\">Ne<\/td><td class=\"column-4\">Da<\/td>\n<\/tr>\n<tr class=\"row-49\">\n\t<td class=\"column-1\">Hela\u0107 Almin<\/td><td class=\"column-2\">RBHPA<\/td><td class=\"column-3\">Ne<\/td><td class=\"column-4\">Da<\/td>\n<\/tr>\n<tr class=\"row-50\">\n\t<td class=\"column-1\">Agi\u0107 Mirnesa<\/td><td class=\"column-2\">ABHPA<\/td><td class=\"column-3\">Ne<\/td><td class=\"column-4\">Ne<\/td>\n<\/tr>\n<tr class=\"row-51\">\n\t<td class=\"column-1\">Agi\u0107 Jasminka<\/td><td class=\"column-2\">ABHPA<\/td><td class=\"column-3\">Ne<\/td><td class=\"column-4\">Ne<\/td>\n<\/tr>\n<tr class=\"row-52\">\n\t<td class=\"column-1\">Ba\u0161i\u0107 Ibrahim<\/td><td class=\"column-2\">ABHPA<\/td><td class=\"column-3\">Ne<\/td><td class=\"column-4\">Da<\/td>\n<\/tr>\n<tr class=\"row-53\">\n\t<td class=\"column-1\">Boji\u0107 Mejra<\/td><td class=\"column-2\">ABHPA<\/td><td class=\"column-3\">Ne<\/td><td class=\"column-4\">Ne<\/td>\n<\/tr>\n<tr class=\"row-54\">\n\t<td class=\"column-1\">Begovi\u0107 D\u017eenan<\/td><td class=\"column-2\">ABHPA<\/td><td class=\"column-3\">Ne<\/td><td class=\"column-4\">Da<\/td>\n<\/tr>\n<tr class=\"row-55\">\n\t<td class=\"column-1\">Bejti\u0107 Amina<\/td><td class=\"column-2\">ABHPA<\/td><td class=\"column-3\">Ne<\/td><td class=\"column-4\">Da<\/td>\n<\/tr>\n<tr class=\"row-56\">\n\t<td class=\"column-1\">Be\u0161irevi\u0107 Zahirovi\u0107 Sabina<\/td><td class=\"column-2\">ABHPA<\/td><td class=\"column-3\">Ne<\/td><td class=\"column-4\">Ne<\/td>\n<\/tr>\n<tr class=\"row-57\">\n\t<td class=\"column-1\">Be\u0161lagi\u0107 Nermina<\/td><td class=\"column-2\">ABHPA<\/td><td class=\"column-3\">Ne<\/td><td class=\"column-4\">Ne<\/td>\n<\/tr>\n<tr class=\"row-58\">\n\t<td class=\"column-1\">Bi\u0161i\u0107 Elmedin<\/td><td class=\"column-2\">ABHPA<\/td><td class=\"column-3\">Ne<\/td><td class=\"column-4\">Ne<\/td>\n<\/tr>\n<tr class=\"row-59\">\n\t<td class=\"column-1\">\u010cau\u0161evi\u0107 Arijana<\/td><td class=\"column-2\">ABHPA<\/td><td class=\"column-3\">Ne<\/td><td class=\"column-4\">Ne<\/td>\n<\/tr>\n<tr class=\"row-60\">\n\t<td class=\"column-1\">\u0106uk Nevenko<\/td><td class=\"column-2\">ABHPA<\/td><td class=\"column-3\">Ne<\/td><td class=\"column-4\">Da<\/td>\n<\/tr>\n<tr class=\"row-61\">\n\t<td class=\"column-1\">Dervi\u0161i\u0107 Nijaz<\/td><td class=\"column-2\">ABHPA<\/td><td class=\"column-3\">Ne<\/td><td class=\"column-4\">Da<\/td>\n<\/tr>\n<tr class=\"row-62\">\n\t<td class=\"column-1\">Dizdarevi\u0107 Faris<\/td><td class=\"column-2\">TBHPA<\/td><td class=\"column-3\">Ne<\/td><td class=\"column-4\">Ne<\/td>\n<\/tr>\n<tr class=\"row-63\">\n\t<td class=\"column-1\">Duranovi\u0107 Nermin<\/td><td class=\"column-2\">ABHPA<\/td><td class=\"column-3\">Ne<\/td><td class=\"column-4\">Da<\/td>\n<\/tr>\n<tr class=\"row-64\">\n\t<td class=\"column-1\">Gani\u0107 Lejla<\/td><td class=\"column-2\">ABHPA<\/td><td class=\"column-3\">Ne<\/td><td class=\"column-4\">Ne<\/td>\n<\/tr>\n<tr class=\"row-65\">\n\t<td class=\"column-1\">Handan Azur<\/td><td class=\"column-2\">ABHPA<\/td><td class=\"column-3\">Ne<\/td><td class=\"column-4\">Ne<\/td>\n<\/tr>\n<tr class=\"row-66\">\n\t<td class=\"column-1\">Hasani\u0107 Denis<\/td><td class=\"column-2\">ABHPA<\/td><td class=\"column-3\">Ne<\/td><td class=\"column-4\">Ne<\/td>\n<\/tr>\n<tr class=\"row-67\">\n\t<td class=\"column-1\">Hod\u017ei\u0107 Aida<\/td><td class=\"column-2\">ABHPA<\/td><td class=\"column-3\">Ne<\/td><td class=\"column-4\">Da<\/td>\n<\/tr>\n<tr class=\"row-68\">\n\t<td class=\"column-1\">Hod\u017ei\u0107 Emir<\/td><td class=\"column-2\">RVivs<\/td><td class=\"column-3\">Ne<\/td><td class=\"column-4\">Da<\/td>\n<\/tr>\n<tr class=\"row-69\">\n\t<td class=\"column-1\">Hod\u017ei\u0107 Sejfudin<\/td><td class=\"column-2\">ABHPA<\/td><td class=\"column-3\">Ne<\/td><td class=\"column-4\">Ne<\/td>\n<\/tr>\n<tr class=\"row-70\">\n\t<td class=\"column-1\">Ivkovi\u0107 Dalila<\/td><td class=\"column-2\">ABHPA<\/td><td class=\"column-3\">Ne<\/td><td class=\"column-4\">Ne<\/td>\n<\/tr>\n<tr class=\"row-71\">\n\t<td class=\"column-1\">Isakovi\u0107 D\u017eenida<\/td><td class=\"column-2\">ABHPA<\/td><td class=\"column-3\">Ne<\/td><td class=\"column-4\">Ne<\/td>\n<\/tr>\n<tr class=\"row-72\">\n\t<td class=\"column-1\">Kadi\u0107 Haris<\/td><td class=\"column-2\">TBHPA<\/td><td class=\"column-3\">Ne<\/td><td class=\"column-4\">Ne<\/td>\n<\/tr>\n<tr class=\"row-73\">\n\t<td class=\"column-1\">Kadrispahi\u0107 Amira<\/td><td class=\"column-2\">ABHPA<\/td><td class=\"column-3\">Ne<\/td><td class=\"column-4\">Ne<\/td>\n<\/tr>\n<tr class=\"row-74\">\n\t<td class=\"column-1\">Kr\u0161o Mirza <\/td><td class=\"column-2\">ABHPA<\/td><td class=\"column-3\">Ne<\/td><td class=\"column-4\">Ne<\/td>\n<\/tr>\n<tr class=\"row-75\">\n\t<td class=\"column-1\">Kulovi\u0107 Eldar<\/td><td class=\"column-2\">TBHPA<\/td><td class=\"column-3\">Ne<\/td><td class=\"column-4\">Ne<\/td>\n<\/tr>\n<tr class=\"row-76\">\n\t<td class=\"column-1\">Lipova\u010da Almir<\/td><td class=\"column-2\">ABHPA<\/td><td class=\"column-3\">Ne<\/td><td class=\"column-4\">Ne<\/td>\n<\/tr>\n<tr class=\"row-77\">\n\t<td class=\"column-1\">Mehi\u0107 Admir<\/td><td class=\"column-2\">TBHPA<\/td><td class=\"column-3\">Ne<\/td><td class=\"column-4\">Ne<\/td>\n<\/tr>\n<tr class=\"row-78\">\n\t<td class=\"column-1\">Miokovi\u0107 Tea<\/td><td class=\"column-2\">ABHPA<\/td><td class=\"column-3\">Ne<\/td><td class=\"column-4\">Ne<\/td>\n<\/tr>\n<tr class=\"row-79\">\n\t<td class=\"column-1\">Muhibi\u0107 Nihad<\/td><td class=\"column-2\">ABHPA<\/td><td class=\"column-3\">Ne<\/td><td class=\"column-4\">Ne<\/td>\n<\/tr>\n<tr class=\"row-80\">\n\t<td class=\"column-1\">Semiz Nozi\u0107 Amela<\/td><td class=\"column-2\">ABHPA<\/td><td class=\"column-3\">Ne<\/td><td class=\"column-4\">Da<\/td>\n<\/tr>\n<tr class=\"row-81\">\n\t<td class=\"column-1\">Pa\u0161ali\u0107 Edina<\/td><td class=\"column-2\">ABHPA<\/td><td class=\"column-3\">Ne<\/td><td class=\"column-4\">Ne<\/td>\n<\/tr>\n<tr class=\"row-82\">\n\t<td class=\"column-1\">Silajd\u017ei\u0107 Vedad<\/td><td class=\"column-2\">ABHPA<\/td><td class=\"column-3\">Ne<\/td><td class=\"column-4\">Ne<\/td>\n<\/tr>\n<tr class=\"row-83\">\n\t<td class=\"column-1\">Sivro Hidajet<\/td><td class=\"column-2\">TBHPA<\/td><td class=\"column-3\">Ne<\/td><td class=\"column-4\">Ne<\/td>\n<\/tr>\n<tr class=\"row-84\">\n\t<td class=\"column-1\">Turkovi\u0107 Alen<\/td><td class=\"column-2\">ABHPA<\/td><td class=\"column-3\">Ne<\/td><td class=\"column-4\">Ne<\/td>\n<\/tr>\n<tr class=\"row-85\">\n\t<td class=\"column-1\">Vukoja Bo\u017eo<\/td><td class=\"column-2\">ABHPA<\/td><td class=\"column-3\">Ne<\/td><td class=\"column-4\">Da<\/td>\n<\/tr>\n<tr class=\"row-86\">\n\t<td class=\"column-1\">Vukoja Antonio<\/td><td class=\"column-2\">ABHPA<\/td><td class=\"column-3\">Ne<\/td><td class=\"column-4\">Da<\/td>\n<\/tr>\n<tr class=\"row-87\">\n\t<td class=\"column-1\">Vukasovi\u0107 Dragan<\/td><td class=\"column-2\">ABHPA<\/td><td class=\"column-3\">Ne<\/td><td class=\"column-4\">Ne<\/td>\n<\/tr>\n<tr class=\"row-88\">\n\t<td class=\"column-1\">Karamuji\u0107 Kerim<\/td><td class=\"column-2\">ABHPA<\/td><td class=\"column-3\">Ne<\/td><td class=\"column-4\">Ne<\/td>\n<\/tr>\n<tr class=\"row-89\">\n\t<td class=\"column-1\">Zlojutro Dragan<\/td><td class=\"column-2\">ABHPA<\/td><td class=\"column-3\">Ne<\/td><td class=\"column-4\">Ne<\/td>\n<\/tr>\n<tr class=\"row-90\">\n\t<td class=\"column-1\">Hod\u017ei\u0107 Emir<\/td><td class=\"column-2\">ABHPA<\/td><td class=\"column-3\">Ne<\/td><td class=\"column-4\">Ne<\/td>\n<\/tr>\n<\/tbody>\n<\/table>\n\n<div class=\"fusion-clearfix\"><\/div><\/div><\/div><\/div><\/div>\n","protected":false},"excerpt":{"rendered":"","protected":false},"author":2,"featured_media":0,"parent":0,"menu_order":0,"comment_status":"closed","ping_status":"closed","template":"","meta":{"footnotes":""},"_links":{"self":[{"href":"https:\/\/bhpa.ba\/bhpaintranet\/wp-json\/wp\/v2\/pages\/1088"}],"collection":[{"href":"https:\/\/bhpa.ba\/bhpaintranet\/wp-json\/wp\/v2\/pages"}],"about":[{"href":"https:\/\/bhpa.ba\/bhpaintranet\/wp-json\/wp\/v2\/types\/page"}],"author":[{"embeddable":true,"href":"https:\/\/bhpa.ba\/bhpaintranet\/wp-json\/wp\/v2\/users\/2"}],"replies":[{"embeddable":true,"href":"https:\/\/bhpa.ba\/bhpaintranet\/wp-json\/wp\/v2\/comments?post=1088"}],"version-history":[{"count":65,"href":"https:\/\/bhpa.ba\/bhpaintranet\/wp-json\/wp\/v2\/pages\/1088\/revisions"}],"predecessor-version":[{"id":2930,"href":"https:\/\/bhpa.ba\/bhpaintranet\/wp-json\/wp\/v2\/pages\/1088\/revisions\/2930"}],"wp:attachment":[{"href":"https:\/\/bhpa.ba\/bhpaintranet\/wp-json\/wp\/v2\/media?parent=1088"}],"curies":[{"name":"wp","href":"https:\/\/api.w.org\/{rel}","templated":true}]}}