{"id":319,"date":"2017-11-15T16:34:50","date_gmt":"2017-11-15T15:34:50","guid":{"rendered":"https:\/\/bhpa.ba\/?page_id=319"},"modified":"2025-01-26T00:31:50","modified_gmt":"2025-01-25T23:31:50","slug":"standardi","status":"publish","type":"page","link":"http:\/\/bhpa.ba\/bhpaintranet\/standardi\/","title":{"rendered":"O nama"},"content":{"rendered":"\t\t<div data-elementor-type=\"wp-page\" data-elementor-id=\"319\" class=\"elementor elementor-319\">\n\t\t\t\t<div class=\"elementor-element elementor-element-3537f06 e-con-full e-flex e-con e-parent\" data-id=\"3537f06\" data-element_type=\"container\">\n\t\t<div class=\"elementor-element elementor-element-da93c30 e-con-full e-flex e-con e-child\" data-id=\"da93c30\" data-element_type=\"container\">\n\t\t<div class=\"elementor-element elementor-element-c76c944 e-con-full e-flex e-con e-child\" data-id=\"c76c944\" data-element_type=\"container\">\n\t\t\t\t<div class=\"elementor-element elementor-element-ccee952 elementor-widget__width-initial elementor-widget elementor-widget-heading\" data-id=\"ccee952\" data-element_type=\"widget\" data-widget_type=\"heading.default\">\n\t\t\t\t<div class=\"elementor-widget-container\">\n\t\t\t\t\t<h1 class=\"elementor-heading-title elementor-size-default\">Vizija<\/h1>\t\t\t\t<\/div>\n\t\t\t\t<\/div>\n\t\t\t\t<div class=\"elementor-element elementor-element-0efa040 elementor-widget__width-initial elementor-widget elementor-widget-text-editor\" data-id=\"0efa040\" data-element_type=\"widget\" data-widget_type=\"text-editor.default\">\n\t\t\t\t<div class=\"elementor-widget-container\">\n\t\t\t\t\t\t\t\t\t<p><span style=\"text-align: justify; letter-spacing: 0px; word-spacing: 0em;\"><span style=\"font-size: 18pt; font-family: Roboto; color: rgb(0, 49, 76);\">Na\u0161a vizija je da BHPA bude vodeca u Bosni i Hercegovini za certificiranje profesionalaca iz oblasti nekretnina.<\/span><\/span>&nbsp;<\/p>\t\t\t\t\t\t\t\t<\/div>\n\t\t\t\t<\/div>\n\t\t\t\t<\/div>\n\t\t\t\t<\/div>\n\t\t\t\t<\/div>\n\t\t<div class=\"elementor-element elementor-element-0f75ee2 e-flex e-con-boxed e-con e-parent\" data-id=\"0f75ee2\" data-element_type=\"container\">\n\t\t\t\t\t<div class=\"e-con-inner\">\n\t\t<div class=\"elementor-element elementor-element-2aa7134 e-con-full e-flex e-con e-child\" data-id=\"2aa7134\" data-element_type=\"container\">\n\t\t<div class=\"elementor-element elementor-element-d3c5360 e-con-full e-flex e-con e-child\" data-id=\"d3c5360\" data-element_type=\"container\">\n\t\t\t\t<div class=\"elementor-element elementor-element-72a7a31 elementor-widget__width-initial elementor-widget elementor-widget-heading\" data-id=\"72a7a31\" data-element_type=\"widget\" data-widget_type=\"heading.default\">\n\t\t\t\t<div class=\"elementor-widget-container\">\n\t\t\t\t\t<h1 class=\"elementor-heading-title elementor-size-default\">Misija<\/h1>\t\t\t\t<\/div>\n\t\t\t\t<\/div>\n\t\t\t\t<div class=\"elementor-element elementor-element-af0f241 elementor-widget__width-initial elementor-widget elementor-widget-text-editor\" data-id=\"af0f241\" data-element_type=\"widget\" data-widget_type=\"text-editor.default\">\n\t\t\t\t<div class=\"elementor-widget-container\">\n\t\t\t\t\t\t\t\t\t<p><span style=\"font-size: 18pt; line-height: 107%; font-family: Roboto; color: #00314c;\">Na\u0161a misija je vo\u0111enje profesije i promocija profesionalnih usluga koje na\u0161i \u010dlanovi pru\u017eaju klijentima.<\/span><\/p>\t\t\t\t\t\t\t\t<\/div>\n\t\t\t\t<\/div>\n\t\t\t\t<\/div>\n\t\t\t\t<\/div>\n\t\t<div class=\"elementor-element elementor-element-19fed4f e-con-full e-flex e-con e-child\" data-id=\"19fed4f\" data-element_type=\"container\">\n\t\t<div class=\"elementor-element elementor-element-5b1bb2b e-con-full e-flex e-con e-child\" data-id=\"5b1bb2b\" data-element_type=\"container\">\n\t\t\t\t<div class=\"elementor-element elementor-element-8d49119 elementor-widget__width-initial elementor-widget elementor-widget-heading\" data-id=\"8d49119\" data-element_type=\"widget\" data-widget_type=\"heading.default\">\n\t\t\t\t<div class=\"elementor-widget-container\">\n\t\t\t\t\t<h1 class=\"elementor-heading-title elementor-size-default\">Historijat<\/h1>\t\t\t\t<\/div>\n\t\t\t\t<\/div>\n\t\t\t\t<div class=\"elementor-element elementor-element-0da75fb elementor-widget__width-initial elementor-widget elementor-widget-text-editor\" data-id=\"0da75fb\" data-element_type=\"widget\" data-widget_type=\"text-editor.default\">\n\t\t\t\t<div class=\"elementor-widget-container\">\n\t\t\t\t\t\t\t\t\t<p style=\"text-align: justify; line-height: normal; background-image: initial; background-position: initial; background-size: initial; background-repeat: initial; background-attachment: initial; background-origin: initial; background-clip: initial;\"><span style=\"font-size: 18pt; font-family: Roboto; color: #00314c;\">Udru\u017eenje eksperata iz oblasti nekretnina u Bosni i Hercegovini ili Bosnian &amp; Herzegovinian Property Association (BHPA) predstavlja profesionalce iz oblasti nekretnina iz cijele Bosne i Hercegovine, kao i me\u0111unarodne \u010dlanove u inostranstvu.<\/span><span style=\"font-size: 18pt; font-family: Roboto;\"><span style=\"color: #7a7a7a;\">\u00a0<\/span><\/span><span style=\"color: #00314c; font-family: Roboto; font-size: 18pt; letter-spacing: 0px; word-spacing: 0em;\">BHPA\u00a0<\/span><span style=\"color: #00314c; font-family: Roboto; font-size: 18pt; letter-spacing: 0px; word-spacing: 0em;\">je udru\u017eenje osnovano 11.08.2011. godine. Prva skup\u0161tina odr\u017eana je 28.11.2011.\u00a0<\/span><span style=\"color: #00314c; font-family: Roboto; font-size: 18pt; letter-spacing: 0px; word-spacing: 0em;\">godine, a izrada osniva\u010dkih akata bila je u Aprilu 2012. godine. Upravni i\u00a0<\/span><span style=\"color: #00314c; font-family: Roboto; font-size: 18pt; letter-spacing: 0px; word-spacing: 0em;\">izvr\u0161ni odbor Udru\u017eenja koji \u010dine stru\u010dnjaci iz razli\u010ditih podru\u010dja formiran je\u00a0<\/span><span style=\"color: #00314c; font-family: Roboto; font-size: 18pt; letter-spacing: 0px; word-spacing: 0em;\">i imenovan 27.04.2011.godine.<\/span><\/p><p style=\"text-align: justify; line-height: normal; background-image: initial; background-position: initial; background-size: initial; background-repeat: initial; background-attachment: initial; background-origin: initial; background-clip: initial;\"><span style=\"font-size: 18.0pt; font-family: Roboto; mso-fareast-font-family: 'Times New Roman'; mso-bidi-font-family: 'Times New Roman'; color: #00314c; mso-fareast-language: BS-LATN-BA;\">Promociji BHPA, odr\u017eanoj 05.06.2013. godine, prisustvovalo je 250 zvanica. Zvanice su bile iz bankarskog, privrednog i vladinog sektora, te sudski vje\u0161taci, notari, osiguravaju\u0107e i revizorske ku\u0107e. Osnovna poruka obra\u0107anja prisutnima je da je pru\u017eena podr\u0161ka za standardizacijom ove oblasti u BiH. Prisutnima su se obratili:<\/span><\/p><ul style=\"margin-top: 0cm;\" type=\"disc\"><li style=\"color: #7a7a7a; text-align: justify; line-height: normal; background-image: initial; background-position: initial; background-size: initial; background-repeat: initial; background-attachment: initial; background-origin: initial; background-clip: initial;\"><span style=\"font-size: 18.0pt; font-family: Roboto; mso-fareast-font-family: 'Times New Roman'; mso-bidi-font-family: 'Times New Roman'; color: #00314c; mso-fareast-language: BS-LATN-BA;\">Dr. \u017deljko \u0160ain \u2013 Dekan Ekonomskog fakulteta u Sarajevu, Univerzitet Sarajevo, Bosna i Hercegovina;<\/span><\/li><li style=\"color: #7a7a7a; text-align: justify; line-height: normal; background-image: initial; background-position: initial; background-size: initial; background-repeat: initial; background-attachment: initial; background-origin: initial; background-clip: initial;\"><span style=\"font-size: 18pt; font-family: Roboto; color: #00314c;\">Dr.Sc. \u017deljko Gara\u010da \u2013<b> <\/b>Dekan Ekonomskog fakulteta u Splitu, Sveu\u010dili\u0161te u Splitu, Hrvatska;<\/span><\/li><li style=\"color: #7a7a7a; text-align: justify; line-height: normal; background-image: initial; background-position: initial; background-size: initial; background-repeat: initial; background-attachment: initial; background-origin: initial; background-clip: initial;\"><span style=\"font-size: 18.0pt; font-family: Roboto; mso-fareast-font-family: 'Times New Roman'; mso-bidi-font-family: 'Times New Roman'; color: #00314c; mso-fareast-language: BS-LATN-BA;\">Dr. Muharem Karamuji\u0107 \u2013 Predsjednik udru\u017eenja eksperata iz oblasti nekretnina;<\/span><\/li><li style=\"color: #7a7a7a; text-align: justify; line-height: normal; background-image: initial; background-position: initial; background-size: initial; background-repeat: initial; background-attachment: initial; background-origin: initial; background-clip: initial;\"><span style=\"font-size: 18.0pt; font-family: Roboto; mso-fareast-font-family: 'Times New Roman'; mso-bidi-font-family: 'Times New Roman'; color: #00314c; mso-fareast-language: BS-LATN-BA;\">Dr. Aziz \u0160unje \u2013 Predsjednik Upravnog Odbora BHPA;<\/span><\/li><li style=\"color: #7a7a7a; text-align: justify; line-height: normal; background-image: initial; background-position: initial; background-size: initial; background-repeat: initial; background-attachment: initial; background-origin: initial; background-clip: initial;\"><span style=\"font-size: 18pt; font-family: Roboto; color: #00314c;\">Gospodin Mate Bandur \u2013 izaslanik predsjedavaju\u0107eg Vije\u0107a ministara Bosne i Hercegovine;<\/span><b><\/b><\/li><li style=\"color: #7a7a7a; text-align: justify; line-height: normal; background-image: initial; background-position: initial; background-size: initial; background-repeat: initial; background-attachment: initial; background-origin: initial; background-clip: initial;\"><span style=\"font-size: 18pt; font-family: Roboto; color: #00314c;\">Gospo\u0111a Mubera Brkovi\u0107 \u2013 predstavnica Vije\u0107a stranih investitora u Bosni i Heregovini;<\/span><\/li><li style=\"color: #7a7a7a; text-align: justify; line-height: normal; background-image: initial; background-position: initial; background-size: initial; background-repeat: initial; background-attachment: initial; background-origin: initial; background-clip: initial;\"><span style=\"font-size: 18.0pt; font-family: Roboto; mso-fareast-font-family: 'Times New Roman'; mso-bidi-font-family: 'Times New Roman'; color: #00314c; mso-fareast-language: BS-LATN-BA;\">Gospodin Zlatko Bar\u0161 \u2013 direktor Agencije za bankarstvo Bosne i Hercegovine.<\/span><\/li><\/ul><p><span style=\"font-size: 18pt; line-height: 107%; font-family: Roboto; color: #00314c;\">Od tada, Udru\u017eenje je sklopilo ugovore sa Udru\u017eenjem profesionalnih rizik menad\u017eera BiH, velikim brojem finansijskih institucija, kao i glavnim regulatorom sektora (Agencija za bankarstvo).<\/span><\/p>\t\t\t\t\t\t\t\t<\/div>\n\t\t\t\t<\/div>\n\t\t\t\t<\/div>\n\t\t\t\t<\/div>\n\t\t\t\t\t<\/div>\n\t\t\t\t<\/div>\n\t\t<div class=\"elementor-element elementor-element-7982ea3 e-flex e-con-boxed e-con e-parent\" data-id=\"7982ea3\" data-element_type=\"container\">\n\t\t\t\t\t<div class=\"e-con-inner\">\n\t\t<div class=\"elementor-element elementor-element-1406c27 e-con-full e-flex e-con e-child\" data-id=\"1406c27\" data-element_type=\"container\">\n\t\t<div class=\"elementor-element elementor-element-a9da768 e-con-full e-flex e-con e-child\" data-id=\"a9da768\" data-element_type=\"container\">\n\t\t\t\t<div class=\"elementor-element elementor-element-394c430 elementor-widget__width-initial elementor-widget elementor-widget-heading\" data-id=\"394c430\" data-element_type=\"widget\" data-widget_type=\"heading.default\">\n\t\t\t\t<div class=\"elementor-widget-container\">\n\t\t\t\t\t<h1 class=\"elementor-heading-title elementor-size-default\">Strate\u0161ki ciljevi<\/h1>\t\t\t\t<\/div>\n\t\t\t\t<\/div>\n\t\t\t\t<div class=\"elementor-element elementor-element-a6496e6 elementor-widget__width-initial elementor-widget elementor-widget-text-editor\" data-id=\"a6496e6\" data-element_type=\"widget\" data-widget_type=\"text-editor.default\">\n\t\t\t\t<div class=\"elementor-widget-container\">\n\t\t\t\t\t\t\t\t\t<p style=\"text-align: justify; \"><font color=\"#00314c\" face=\"Roboto\"><span style=\"font-size: 24px;\">Postavljanje i odr\u017eavanje najvi\u0161ih profesionalnih standarda poslovanja, edukacije, etike i profesionalnog pona\u0161anja na\u0161ih \u010dlanova u skladu sa me\u0111unarodnim standardima vrednovanja (eng. International Valuation Standards)<\/span><\/font><\/p><p style=\"text-align: justify; \"><font color=\"#00314c\" face=\"Roboto\"><span style=\"font-size: 24px;\">Obezbijediti bankarskom, vladinom, privrednom i finansijskom sektoru profesionalni i vrhunski edukovan kadar<\/span><\/font><\/p><p style=\"text-align: justify; \"><font color=\"#00314c\" face=\"Roboto\"><span style=\"font-size: 24px;\">Osigurati da su integritet, kredibilitet i eti\u010dki standardi profesije uskla\u0111eni sa prmijernim globalnim standardima odre\u0111enim od strane IVSC-a &#8211; Vije\u0107a za me\u0111unarodne standarde vrednovanja<\/span><\/font><\/p>\t\t\t\t\t\t\t\t<\/div>\n\t\t\t\t<\/div>\n\t\t\t\t<\/div>\n\t\t\t\t<\/div>\n\t\t\t\t\t<\/div>\n\t\t\t\t<\/div>\n\t\t\t\t<\/div>\n\t\t","protected":false},"excerpt":{"rendered":"<p>Vizija Na\u0161a vizija je da BHPA bude vodeca u Bosni i Hercegovini za certificiranje profesionalaca iz oblasti nekretnina.&nbsp; Misija Na\u0161a misija je vo\u0111enje profesije i promocija profesionalnih usluga koje na\u0161i \u010dlanovi pru\u017eaju klijentima. Historijat Udru\u017eenje eksperata iz oblasti nekretnina u Bosni i Hercegovini ili Bosnian &amp; Herzegovinian Property Association (BHPA) predstavlja profesionalce iz oblasti nekretnina [&hellip;]<\/p>\n","protected":false},"author":2,"featured_media":0,"parent":0,"menu_order":0,"comment_status":"closed","ping_status":"closed","template":"","meta":{"footnotes":""},"_links":{"self":[{"href":"http:\/\/bhpa.ba\/bhpaintranet\/wp-json\/wp\/v2\/pages\/319"}],"collection":[{"href":"http:\/\/bhpa.ba\/bhpaintranet\/wp-json\/wp\/v2\/pages"}],"about":[{"href":"http:\/\/bhpa.ba\/bhpaintranet\/wp-json\/wp\/v2\/types\/page"}],"author":[{"embeddable":true,"href":"http:\/\/bhpa.ba\/bhpaintranet\/wp-json\/wp\/v2\/users\/2"}],"replies":[{"embeddable":true,"href":"http:\/\/bhpa.ba\/bhpaintranet\/wp-json\/wp\/v2\/comments?post=319"}],"version-history":[{"count":41,"href":"http:\/\/bhpa.ba\/bhpaintranet\/wp-json\/wp\/v2\/pages\/319\/revisions"}],"predecessor-version":[{"id":2827,"href":"http:\/\/bhpa.ba\/bhpaintranet\/wp-json\/wp\/v2\/pages\/319\/revisions\/2827"}],"wp:attachment":[{"href":"http:\/\/bhpa.ba\/bhpaintranet\/wp-json\/wp\/v2\/media?parent=319"}],"curies":[{"name":"wp","href":"https:\/\/api.w.org\/{rel}","templated":true}]}}