{"id":1222,"date":"2018-05-29T14:19:10","date_gmt":"2018-05-29T12:19:10","guid":{"rendered":"https:\/\/bhpa.ba\/?page_id=1222"},"modified":"2025-06-03T17:14:05","modified_gmt":"2025-06-03T15:14:05","slug":"pocetna","status":"publish","type":"page","link":"http:\/\/bhpa.ba\/bhpaintranet\/","title":{"rendered":"Pocetna"},"content":{"rendered":"\t\t<div data-elementor-type=\"wp-page\" data-elementor-id=\"1222\" class=\"elementor elementor-1222\">\n\t\t\t\t<div class=\"elementor-element elementor-element-2ed80b92 e-con-full e-flex e-con e-parent\" data-id=\"2ed80b92\" data-element_type=\"container\" data-settings=\"{&quot;background_background&quot;:&quot;classic&quot;}\">\n\t\t<div class=\"elementor-element elementor-element-125f52a7 e-con-full e-flex e-con e-child\" data-id=\"125f52a7\" data-element_type=\"container\">\n\t\t\t\t<div class=\"elementor-element elementor-element-28e762ca elementor-widget__width-initial elementor-widget elementor-widget-heading\" data-id=\"28e762ca\" data-element_type=\"widget\" data-widget_type=\"heading.default\">\n\t\t\t\t<div class=\"elementor-widget-container\">\n\t\t\t\t\t<h1 class=\"elementor-heading-title elementor-size-default\">Kako postati Prepoznati Valuator u skladu sa IVS?<\/h1>\t\t\t\t<\/div>\n\t\t\t\t<\/div>\n\t\t\t\t<div class=\"elementor-element elementor-element-7a394dc elementor-widget elementor-widget-text-editor\" data-id=\"7a394dc\" data-element_type=\"widget\" data-widget_type=\"text-editor.default\">\n\t\t\t\t<div class=\"elementor-widget-container\">\n\t\t\t\t\t\t\t\t\t<p>BHPA kao jedino udru\u017eenje u Bosni i Hercegovini koje je ovla\u0161teno za licenciranje procjenitelja u skladu sa me\u0111unarodnim standardima vrednovanja (IVS) poziva sve zainteresovane da se prijave na program edukacije za sticanje zvanja Prepoznati procjenitelj u skladu sa IVS.\u00a0<\/p>\t\t\t\t\t\t\t\t<\/div>\n\t\t\t\t<\/div>\n\t\t\t\t<div class=\"elementor-element elementor-element-7ce4a743 elementor-mobile-align-center elementor-widget elementor-widget-button\" data-id=\"7ce4a743\" data-element_type=\"widget\" data-widget_type=\"button.default\">\n\t\t\t\t<div class=\"elementor-widget-container\">\n\t\t\t\t\t\t\t\t\t<div class=\"elementor-button-wrapper\">\n\t\t\t\t\t<a class=\"elementor-button elementor-button-link elementor-size-sm\" href=\"#\">\n\t\t\t\t\t\t<span class=\"elementor-button-content-wrapper\">\n\t\t\t\t\t\t\t\t\t<span class=\"elementor-button-text\">Kontaktiraj nas<\/span>\n\t\t\t\t\t<\/span>\n\t\t\t\t\t<\/a>\n\t\t\t\t<\/div>\n\t\t\t\t\t\t\t\t<\/div>\n\t\t\t\t<\/div>\n\t\t\t\t<\/div>\n\t\t\t\t<\/div>\n\t\t<div class=\"elementor-element elementor-element-497f819c e-con-full e-flex e-con e-parent\" data-id=\"497f819c\" data-element_type=\"container\" id=\"next\">\n\t\t\t\t<div class=\"elementor-element elementor-element-f2bed4e elementor-widget elementor-widget-heading\" data-id=\"f2bed4e\" data-element_type=\"widget\" data-widget_type=\"heading.default\">\n\t\t\t\t<div class=\"elementor-widget-container\">\n\t\t\t\t\t<h3 class=\"elementor-heading-title elementor-size-default\">Lider u licenciranju Valuatora imovine<\/h3>\t\t\t\t<\/div>\n\t\t\t\t<\/div>\n\t\t\t\t<div class=\"elementor-element elementor-element-622f47eb elementor-widget elementor-widget-heading\" data-id=\"622f47eb\" data-element_type=\"widget\" data-widget_type=\"heading.default\">\n\t\t\t\t<div class=\"elementor-widget-container\">\n\t\t\t\t\t<p class=\"elementor-heading-title elementor-size-default\">BHPA licencira sljede\u0107e 4 profesije u skladu sa IVS<\/p>\t\t\t\t<\/div>\n\t\t\t\t<\/div>\n\t\t<div class=\"elementor-element elementor-element-8390663 e-con-full e-flex e-con e-child\" data-id=\"8390663\" data-element_type=\"container\">\n\t\t<div class=\"elementor-element elementor-element-546450f9 e-con-full e-flex e-con e-child\" data-id=\"546450f9\" data-element_type=\"container\">\n\t\t\t\t<div class=\"elementor-element elementor-element-2ebb7753 elementor-position-top elementor-position-top elementor-widget elementor-widget-image-box\" data-id=\"2ebb7753\" data-element_type=\"widget\" data-widget_type=\"image-box.default\">\n\t\t\t\t<div class=\"elementor-widget-container\">\n\t\t\t\t\t<div class=\"elementor-image-box-wrapper\"><figure class=\"elementor-image-box-img\"><a href=\"#\" tabindex=\"-1\"><img fetchpriority=\"high\" decoding=\"async\" width=\"250\" height=\"250\" src=\"https:\/\/bhpa.ba\/wp-content\/uploads\/2025\/01\/1.png\" class=\"elementor-animation-grow attachment-full size-full wp-image-2794\" alt=\"\" srcset=\"https:\/\/bhpa.ba\/wp-content\/uploads\/2025\/01\/1-150x150.png 150w, https:\/\/bhpa.ba\/wp-content\/uploads\/2025\/01\/1.png 250w\" sizes=\"(max-width: 250px) 100vw, 250px\" \/><\/a><\/figure><div class=\"elementor-image-box-content\"><h4 class=\"elementor-image-box-title\"><a href=\"#\">PROCJENA NEKRETNINA<\/a><\/h4><p class=\"elementor-image-box-description\">Titula: Prepoznati procjenitelj vrijednosti nekretnina u skladu sa Me\u0111unarodnim standardima vrednovanja.<\/p><\/div><\/div>\t\t\t\t<\/div>\n\t\t\t\t<\/div>\n\t\t\t\t<\/div>\n\t\t<div class=\"elementor-element elementor-element-3bdef184 e-con-full e-flex e-con e-child\" data-id=\"3bdef184\" data-element_type=\"container\">\n\t\t\t\t<div class=\"elementor-element elementor-element-4227e070 elementor-position-top elementor-widget elementor-widget-image-box\" data-id=\"4227e070\" data-element_type=\"widget\" data-widget_type=\"image-box.default\">\n\t\t\t\t<div class=\"elementor-widget-container\">\n\t\t\t\t\t<div class=\"elementor-image-box-wrapper\"><figure class=\"elementor-image-box-img\"><a href=\"#\" tabindex=\"-1\"><img decoding=\"async\" width=\"250\" height=\"250\" src=\"https:\/\/bhpa.ba\/wp-content\/uploads\/2025\/01\/2.png\" class=\"elementor-animation-grow attachment-full size-full wp-image-2795\" alt=\"\" srcset=\"https:\/\/bhpa.ba\/wp-content\/uploads\/2025\/01\/2-150x150.png 150w, https:\/\/bhpa.ba\/wp-content\/uploads\/2025\/01\/2.png 250w\" sizes=\"(max-width: 250px) 100vw, 250px\" \/><\/a><\/figure><div class=\"elementor-image-box-content\"><h4 class=\"elementor-image-box-title\"><a href=\"#\">PROCJENA MA\u0160INA I OPREME<\/a><\/h4><p class=\"elementor-image-box-description\">Titula: Prepoznati procjenitelj vrijednsoti ma\u0161ina i opreme u skladu sa Me\u0111unarodnim standardima vrednovanja.<\/p><\/div><\/div>\t\t\t\t<\/div>\n\t\t\t\t<\/div>\n\t\t\t\t<\/div>\n\t\t<div class=\"elementor-element elementor-element-1dfb19fd e-con-full e-flex e-con e-child\" data-id=\"1dfb19fd\" data-element_type=\"container\">\n\t\t\t\t<div class=\"elementor-element elementor-element-7cdabc89 elementor-position-top elementor-widget elementor-widget-image-box\" data-id=\"7cdabc89\" data-element_type=\"widget\" data-widget_type=\"image-box.default\">\n\t\t\t\t<div class=\"elementor-widget-container\">\n\t\t\t\t\t<div class=\"elementor-image-box-wrapper\"><figure class=\"elementor-image-box-img\"><a href=\"#\" tabindex=\"-1\"><img decoding=\"async\" width=\"250\" height=\"250\" src=\"https:\/\/bhpa.ba\/wp-content\/uploads\/2025\/01\/3.png\" class=\"elementor-animation-grow attachment-full size-full wp-image-2796\" alt=\"\" srcset=\"https:\/\/bhpa.ba\/wp-content\/uploads\/2025\/01\/3-150x150.png 150w, https:\/\/bhpa.ba\/wp-content\/uploads\/2025\/01\/3.png 250w\" sizes=\"(max-width: 250px) 100vw, 250px\" \/><\/a><\/figure><div class=\"elementor-image-box-content\"><h4 class=\"elementor-image-box-title\"><a href=\"#\">PROCJENA <br>BIZNISA<\/a><\/h4><p class=\"elementor-image-box-description\"><span style=\"font-size: 12px;\">Titula: Prepoznati procjenitelj vrijednsoti biznisa i biznis interesa u skladu sa Me\u0111unarodnim standardima vrednovanja.<\/span><\/p><\/div><\/div>\t\t\t\t<\/div>\n\t\t\t\t<\/div>\n\t\t\t\t<\/div>\n\t\t<div class=\"elementor-element elementor-element-698a1dd1 e-con-full e-flex e-con e-child\" data-id=\"698a1dd1\" data-element_type=\"container\">\n\t\t\t\t<div class=\"elementor-element elementor-element-2eb27097 elementor-position-top elementor-widget elementor-widget-image-box\" data-id=\"2eb27097\" data-element_type=\"widget\" data-widget_type=\"image-box.default\">\n\t\t\t\t<div class=\"elementor-widget-container\">\n\t\t\t\t\t<div class=\"elementor-image-box-wrapper\"><figure class=\"elementor-image-box-img\"><a href=\"#\" tabindex=\"-1\"><img loading=\"lazy\" decoding=\"async\" width=\"250\" height=\"250\" src=\"https:\/\/bhpa.ba\/wp-content\/uploads\/2025\/01\/4.png\" class=\"elementor-animation-grow attachment-full size-full wp-image-2797\" alt=\"\" srcset=\"https:\/\/bhpa.ba\/wp-content\/uploads\/2025\/01\/4-150x150.png 150w, https:\/\/bhpa.ba\/wp-content\/uploads\/2025\/01\/4.png 250w\" sizes=\"(max-width: 250px) 100vw, 250px\" \/><\/a><\/figure><div class=\"elementor-image-box-content\"><h4 class=\"elementor-image-box-title\"><a href=\"#\">PROCJENA NEOPIPLJIVE IMOVINE<\/a><\/h4><p class=\"elementor-image-box-description\"><span style=\"font-size: 12px; text-align: center;\">Titula: Prepoznati procjenitelj vrijednsoti neopipljive imovine u skladu sa Me\u0111unarodnim standardima vrednovanja.<\/span><\/p><\/div><\/div>\t\t\t\t<\/div>\n\t\t\t\t<\/div>\n\t\t\t\t<\/div>\n\t\t\t\t<\/div>\n\t\t\t\t<\/div>\n\t\t<div class=\"elementor-element elementor-element-52a1ff3 e-con-full e-flex e-con e-parent\" data-id=\"52a1ff3\" data-element_type=\"container\" data-settings=\"{&quot;background_background&quot;:&quot;classic&quot;}\">\n\t\t<div class=\"elementor-element elementor-element-25f696c e-con-full e-flex e-con e-child\" data-id=\"25f696c\" data-element_type=\"container\">\n\t\t\t\t<div class=\"elementor-element elementor-element-1543dcc elementor-widget__width-initial elementor-widget elementor-widget-heading\" data-id=\"1543dcc\" data-element_type=\"widget\" data-widget_type=\"heading.default\">\n\t\t\t\t<div class=\"elementor-widget-container\">\n\t\t\t\t\t<h1 class=\"elementor-heading-title elementor-size-default\"><h3 data-elementor-setting-key=\"title\" data-pen-placeholder=\"Type Here...\" style=\"letter-spacing: normal\">BHPA organizovao prvi KPR Seminar u 2025. godini: Dana 05.04.2025. godine u hotelu Hollywood odr\u017ean prvi KPR seminar za ovu godinu<span style=\"letter-spacing: 0px\"><\/span><\/h3><\/h1>\t\t\t\t<\/div>\n\t\t\t\t<\/div>\n\t\t\t\t<div class=\"elementor-element elementor-element-09f082e elementor-mobile-align-center elementor-widget elementor-widget-button\" data-id=\"09f082e\" data-element_type=\"widget\" data-widget_type=\"button.default\">\n\t\t\t\t<div class=\"elementor-widget-container\">\n\t\t\t\t\t\t\t\t\t<div class=\"elementor-button-wrapper\">\n\t\t\t\t\t<a class=\"elementor-button elementor-button-link elementor-size-sm\" href=\"https:\/\/bhpa.ba\/bhpaintranet\/2897-2\/\">\n\t\t\t\t\t\t<span class=\"elementor-button-content-wrapper\">\n\t\t\t\t\t\t\t\t\t<span class=\"elementor-button-text\">Vi\u0161e detalja<\/span>\n\t\t\t\t\t<\/span>\n\t\t\t\t\t<\/a>\n\t\t\t\t<\/div>\n\t\t\t\t\t\t\t\t<\/div>\n\t\t\t\t<\/div>\n\t\t\t\t<\/div>\n\t\t\t\t<\/div>\n\t\t<div class=\"elementor-element elementor-element-fb60c69 e-con-full e-flex e-con e-parent\" data-id=\"fb60c69\" data-element_type=\"container\" data-settings=\"{&quot;background_background&quot;:&quot;classic&quot;}\">\n\t\t<div class=\"elementor-element elementor-element-fbee589 e-con-full e-flex e-con e-child\" data-id=\"fbee589\" data-element_type=\"container\">\n\t\t\t\t<div class=\"elementor-element elementor-element-d69707a elementor-widget__width-initial elementor-widget elementor-widget-heading\" data-id=\"d69707a\" data-element_type=\"widget\" data-widget_type=\"heading.default\">\n\t\t\t\t<div class=\"elementor-widget-container\">\n\t\t\t\t\t<h1 class=\"elementor-heading-title elementor-size-default\"><h3 data-elementor-setting-key=\"title\" data-pen-placeholder=\"Type Here...\" style=\"letter-spacing: normal\">Najava doga\u0111aja: Drugi KPR Seminar u ovoj godini BHPA \u0107e odr\u017eati 21.06.2025. godine u hotelu Hollywood<span style=\"letter-spacing: 0px\"><\/span><\/h3><\/h1>\t\t\t\t<\/div>\n\t\t\t\t<\/div>\n\t\t\t\t<div class=\"elementor-element elementor-element-c679edd elementor-mobile-align-center elementor-widget elementor-widget-button\" data-id=\"c679edd\" data-element_type=\"widget\" data-widget_type=\"button.default\">\n\t\t\t\t<div class=\"elementor-widget-container\">\n\t\t\t\t\t\t\t\t\t<div class=\"elementor-button-wrapper\">\n\t\t\t\t\t<a class=\"elementor-button elementor-button-link elementor-size-sm\" href=\"https:\/\/bhpa.ba\/bhpaintranet\/najava-dogadjaja-drugi-kpr-seminar-u-2025-godini\/\">\n\t\t\t\t\t\t<span class=\"elementor-button-content-wrapper\">\n\t\t\t\t\t\t\t\t\t<span class=\"elementor-button-text\">Vi\u0161e detalja<\/span>\n\t\t\t\t\t<\/span>\n\t\t\t\t\t<\/a>\n\t\t\t\t<\/div>\n\t\t\t\t\t\t\t\t<\/div>\n\t\t\t\t<\/div>\n\t\t\t\t<\/div>\n\t\t\t\t<\/div>\n\t\t\t\t<\/div>\n\t\t","protected":false},"excerpt":{"rendered":"<p>Kako postati Prepoznati Valuator u skladu sa IVS? BHPA kao jedino udru\u017eenje u Bosni i Hercegovini koje je ovla\u0161teno za licenciranje procjenitelja u skladu sa me\u0111unarodnim standardima vrednovanja (IVS) poziva sve zainteresovane da se prijave na program edukacije za sticanje zvanja Prepoznati procjenitelj u skladu sa IVS. Kontaktiraj nas Lider u licenciranju Valuatora imovine BHPA [&hellip;]<\/p>\n","protected":false},"author":2,"featured_media":0,"parent":0,"menu_order":0,"comment_status":"closed","ping_status":"closed","template":"","meta":{"footnotes":""},"_links":{"self":[{"href":"http:\/\/bhpa.ba\/bhpaintranet\/wp-json\/wp\/v2\/pages\/1222"}],"collection":[{"href":"http:\/\/bhpa.ba\/bhpaintranet\/wp-json\/wp\/v2\/pages"}],"about":[{"href":"http:\/\/bhpa.ba\/bhpaintranet\/wp-json\/wp\/v2\/types\/page"}],"author":[{"embeddable":true,"href":"http:\/\/bhpa.ba\/bhpaintranet\/wp-json\/wp\/v2\/users\/2"}],"replies":[{"embeddable":true,"href":"http:\/\/bhpa.ba\/bhpaintranet\/wp-json\/wp\/v2\/comments?post=1222"}],"version-history":[{"count":265,"href":"http:\/\/bhpa.ba\/bhpaintranet\/wp-json\/wp\/v2\/pages\/1222\/revisions"}],"predecessor-version":[{"id":2941,"href":"http:\/\/bhpa.ba\/bhpaintranet\/wp-json\/wp\/v2\/pages\/1222\/revisions\/2941"}],"wp:attachment":[{"href":"http:\/\/bhpa.ba\/bhpaintranet\/wp-json\/wp\/v2\/media?parent=1222"}],"curies":[{"name":"wp","href":"https:\/\/api.w.org\/{rel}","templated":true}]}}